{"id":345400,"date":"2024-03-01T21:34:01","date_gmt":"2024-03-01T20:34:01","guid":{"rendered":"https:\/\/gajostest.a2hosted.com\/eshop\/ff-johan-bunda\/"},"modified":"2026-04-18T01:44:43","modified_gmt":"2026-04-17T23:44:43","slug":"ff-johan-bunda","status":"publish","type":"product","link":"https:\/\/gajos.sk\/eshop\/p\/ff-johan-bunda\/","title":{"rendered":"FF JOHAN bunda"},"content":{"rendered":"","protected":false},"excerpt":{"rendered":"<p>p\u00e1nska pracovn\u00e1 bunda; 2 n\u00e1prsn\u00e9 vreck\u00e1 na zips; 2 bo\u010dn\u00e9 vreck\u00e1; elastick\u00e9 man\u017eety ruk\u00e1vov a boky; 20 % bavlna + 80 % polyester<\/p>\n","protected":false},"featured_media":345402,"template":"","meta":{"_acf_changed":false,"inline_featured_image":false},"product_brand":[],"product_cat":[2121,2122,2123],"product_tag":[1228],"class_list":{"0":"post-345400","1":"product","2":"type-product","3":"status-publish","4":"has-post-thumbnail","6":"product_cat-odevy","7":"product_cat-bundy-a-kabaty","8":"product_cat-bundy","9":"product_tag-fridrich-fridrich","10":"pa_farba-siva","11":"pa_farba-royal-modra","12":"pa_farba-navy","13":"pa_velkost-3157","14":"pa_velkost-3158","15":"pa_velkost-3159","16":"pa_velkost-3160","17":"pa_velkost-3161","18":"pa_velkost-3162","19":"pa_velkost-3110","20":"pa_velkost-3121","21":"pa_velkost-3123","22":"pa_velkost-3155","24":"first","25":"instock","26":"taxable","27":"shipping-taxable","28":"purchasable","29":"product-type-variable"},"acf":[],"_links":{"self":[{"href":"https:\/\/gajos.sk\/eshop\/wp-json\/wp\/v2\/product\/345400","targetHints":{"allow":["GET"]}}],"collection":[{"href":"https:\/\/gajos.sk\/eshop\/wp-json\/wp\/v2\/product"}],"about":[{"href":"https:\/\/gajos.sk\/eshop\/wp-json\/wp\/v2\/types\/product"}],"wp:featuredmedia":[{"embeddable":true,"href":"https:\/\/gajos.sk\/eshop\/wp-json\/wp\/v2\/media\/345402"}],"wp:attachment":[{"href":"https:\/\/gajos.sk\/eshop\/wp-json\/wp\/v2\/media?parent=345400"}],"wp:term":[{"taxonomy":"product_brand","embeddable":true,"href":"https:\/\/gajos.sk\/eshop\/wp-json\/wp\/v2\/product_brand?post=345400"},{"taxonomy":"product_cat","embeddable":true,"href":"https:\/\/gajos.sk\/eshop\/wp-json\/wp\/v2\/product_cat?post=345400"},{"taxonomy":"product_tag","embeddable":true,"href":"https:\/\/gajos.sk\/eshop\/wp-json\/wp\/v2\/product_tag?post=345400"}],"curies":[{"name":"wp","href":"https:\/\/api.w.org\/{rel}","templated":true}]}}