{"id":345388,"date":"2024-03-01T21:33:57","date_gmt":"2024-03-01T20:33:57","guid":{"rendered":"https:\/\/gajostest.a2hosted.com\/eshop\/greendale-bunda\/"},"modified":"2026-05-07T21:40:29","modified_gmt":"2026-05-07T19:40:29","slug":"greendale-bunda","status":"publish","type":"product","link":"https:\/\/gajos.sk\/eshop\/p\/greendale-bunda\/","title":{"rendered":"GREENDALE bunda"},"content":{"rendered":"","protected":false},"excerpt":{"rendered":"<p>p\u00e1nska pracovn\u00e1 bunda, zap\u00ednanie kryt\u00e9 l\u00e9gou na such\u00fd zips; 2 predn\u00e9 vreck\u00e1, 2 n\u00e1prsn\u00e9 vreck\u00e1; 1 n\u00e1prsn\u00e9 vrecko na mobiln\u00fd telef\u00f3n; Oxford 600D zosilnenie lak\u0165ov; reflexn\u00e9 prvky; kontrastn\u00e9 pre\u0161itie.<\/p>\n","protected":false},"featured_media":345390,"template":"","meta":{"_acf_changed":false,"inline_featured_image":false},"product_brand":[],"product_cat":[2121,2122,2123],"product_tag":[1179],"class_list":{"0":"post-345388","1":"product","2":"type-product","3":"status-publish","4":"has-post-thumbnail","6":"product_cat-odevy","7":"product_cat-bundy-a-kabaty","8":"product_cat-bundy","9":"product_tag-cerva","10":"pa_farba-antracit-limetkova","11":"pa_velkost-3110","12":"pa_velkost-3121","13":"pa_velkost-3123","14":"pa_velkost-3155","15":"pa_velkost-3157","16":"pa_velkost-3158","17":"pa_velkost-3159","18":"pa_velkost-3160","19":"pa_velkost-3161","20":"pa_velkost-3162","22":"first","23":"instock","24":"taxable","25":"shipping-taxable","26":"purchasable","27":"product-type-variable"},"acf":[],"_links":{"self":[{"href":"https:\/\/gajos.sk\/eshop\/wp-json\/wp\/v2\/product\/345388","targetHints":{"allow":["GET"]}}],"collection":[{"href":"https:\/\/gajos.sk\/eshop\/wp-json\/wp\/v2\/product"}],"about":[{"href":"https:\/\/gajos.sk\/eshop\/wp-json\/wp\/v2\/types\/product"}],"wp:featuredmedia":[{"embeddable":true,"href":"https:\/\/gajos.sk\/eshop\/wp-json\/wp\/v2\/media\/345390"}],"wp:attachment":[{"href":"https:\/\/gajos.sk\/eshop\/wp-json\/wp\/v2\/media?parent=345388"}],"wp:term":[{"taxonomy":"product_brand","embeddable":true,"href":"https:\/\/gajos.sk\/eshop\/wp-json\/wp\/v2\/product_brand?post=345388"},{"taxonomy":"product_cat","embeddable":true,"href":"https:\/\/gajos.sk\/eshop\/wp-json\/wp\/v2\/product_cat?post=345388"},{"taxonomy":"product_tag","embeddable":true,"href":"https:\/\/gajos.sk\/eshop\/wp-json\/wp\/v2\/product_tag?post=345388"}],"curies":[{"name":"wp","href":"https:\/\/api.w.org\/{rel}","templated":true}]}}