{"id":345366,"date":"2024-03-01T21:33:50","date_gmt":"2024-03-01T20:33:50","guid":{"rendered":"https:\/\/gajostest.a2hosted.com\/eshop\/malaga-hv-bunda\/"},"modified":"2026-05-07T21:40:29","modified_gmt":"2026-05-07T19:40:29","slug":"malaga-hv-bunda","status":"publish","type":"product","link":"https:\/\/gajos.sk\/eshop\/p\/malaga-hv-bunda\/","title":{"rendered":"MALAGA HV bunda"},"content":{"rendered":"","protected":false},"excerpt":{"rendered":"<p>p\u00e1nska full Hi-Vis pracovn\u00e1 bunda s reflexn\u00fdmi doplnkami cez ramen\u00e1, v bokoch a na ruk\u00e1voch, zap\u00ednanie na zips zakryt\u00fd pr\u00edklopkou na such\u00fd zips, 2 n\u00e1prsn\u00e9 vreck\u00e1 s pr\u00edklopkou, nastavite\u013en\u00e1 \u0161\u00edrka ruk\u00e1vov pomocou such\u00e9ho zipsu, elastick\u00fd lem bokov<\/p>\n","protected":false},"featured_media":345368,"template":"","meta":{"_acf_changed":false,"inline_featured_image":false},"product_brand":[],"product_cat":[2121,2122,2123],"product_tag":[1179],"class_list":{"0":"post-345366","1":"product","2":"type-product","3":"status-publish","4":"has-post-thumbnail","6":"product_cat-odevy","7":"product_cat-bundy-a-kabaty","8":"product_cat-bundy","9":"product_tag-cerva","10":"pa_farba-zlta","11":"pa_farba-oranzova","12":"pa_velkost-3110","13":"pa_velkost-3121","14":"pa_velkost-3123","15":"pa_velkost-3155","16":"pa_velkost-3157","17":"pa_velkost-3158","18":"pa_velkost-3159","19":"pa_velkost-3160","20":"pa_velkost-3161","21":"pa_velkost-3162","23":"first","24":"instock","25":"taxable","26":"shipping-taxable","27":"purchasable","28":"product-type-variable"},"acf":[],"_links":{"self":[{"href":"https:\/\/gajos.sk\/eshop\/wp-json\/wp\/v2\/product\/345366","targetHints":{"allow":["GET"]}}],"collection":[{"href":"https:\/\/gajos.sk\/eshop\/wp-json\/wp\/v2\/product"}],"about":[{"href":"https:\/\/gajos.sk\/eshop\/wp-json\/wp\/v2\/types\/product"}],"wp:featuredmedia":[{"embeddable":true,"href":"https:\/\/gajos.sk\/eshop\/wp-json\/wp\/v2\/media\/345368"}],"wp:attachment":[{"href":"https:\/\/gajos.sk\/eshop\/wp-json\/wp\/v2\/media?parent=345366"}],"wp:term":[{"taxonomy":"product_brand","embeddable":true,"href":"https:\/\/gajos.sk\/eshop\/wp-json\/wp\/v2\/product_brand?post=345366"},{"taxonomy":"product_cat","embeddable":true,"href":"https:\/\/gajos.sk\/eshop\/wp-json\/wp\/v2\/product_cat?post=345366"},{"taxonomy":"product_tag","embeddable":true,"href":"https:\/\/gajos.sk\/eshop\/wp-json\/wp\/v2\/product_tag?post=345366"}],"curies":[{"name":"wp","href":"https:\/\/api.w.org\/{rel}","templated":true}]}}