{"id":345262,"date":"2024-03-01T21:33:24","date_gmt":"2024-03-01T20:33:24","guid":{"rendered":"https:\/\/gajostest.a2hosted.com\/eshop\/getache-rflx-bunda\/"},"modified":"2026-05-07T21:40:29","modified_gmt":"2026-05-07T19:40:29","slug":"getache-rflx-bunda","status":"publish","type":"product","link":"https:\/\/gajos.sk\/eshop\/p\/getache-rflx-bunda\/","title":{"rendered":"GETACHE RFLX bunda"},"content":{"rendered":"","protected":false},"excerpt":{"rendered":"<p>p\u00e1nska pracovn\u00e1 bunda s reflexn\u00fdmi doplnkami o ve\u013ekosti 5 cm cez ramen\u00e1, v bokoch<br \/>\na na ruk\u00e1voch, zap\u00ednanie na zips zakryt\u00fd pr\u00edklopkou na such\u00fd zips, 2 n\u00e1prsn\u00e9 vreck\u00e1 s pr\u00edklopkou, elastick\u00fd lem v bokoch, nastavite\u013en\u00e1 \u0161\u00edrka ruk\u00e1vov pomocou such\u00e9ho zipsu<\/p>\n","protected":false},"featured_media":345264,"template":"","meta":{"_acf_changed":false,"inline_featured_image":false},"product_brand":[],"product_cat":[2121,2123,2122],"product_tag":[1179],"class_list":{"0":"post-345262","1":"product","2":"type-product","3":"status-publish","4":"has-post-thumbnail","6":"product_cat-odevy","7":"product_cat-bundy","8":"product_cat-bundy-a-kabaty","9":"product_tag-cerva","10":"pa_farba-cervena","11":"pa_farba-cierna","12":"pa_farba-siva","13":"pa_farba-royal-modra","14":"pa_farba-tm-zelena","15":"pa_farba-navy","16":"pa_velkost-3159","17":"pa_velkost-3160","18":"pa_velkost-3161","19":"pa_velkost-3162","20":"pa_velkost-3110","21":"pa_velkost-3121","22":"pa_velkost-3123","23":"pa_velkost-3155","24":"pa_velkost-3157","25":"pa_velkost-3158","27":"first","28":"instock","29":"taxable","30":"shipping-taxable","31":"purchasable","32":"product-type-variable"},"acf":[],"_links":{"self":[{"href":"https:\/\/gajos.sk\/eshop\/wp-json\/wp\/v2\/product\/345262","targetHints":{"allow":["GET"]}}],"collection":[{"href":"https:\/\/gajos.sk\/eshop\/wp-json\/wp\/v2\/product"}],"about":[{"href":"https:\/\/gajos.sk\/eshop\/wp-json\/wp\/v2\/types\/product"}],"wp:featuredmedia":[{"embeddable":true,"href":"https:\/\/gajos.sk\/eshop\/wp-json\/wp\/v2\/media\/345264"}],"wp:attachment":[{"href":"https:\/\/gajos.sk\/eshop\/wp-json\/wp\/v2\/media?parent=345262"}],"wp:term":[{"taxonomy":"product_brand","embeddable":true,"href":"https:\/\/gajos.sk\/eshop\/wp-json\/wp\/v2\/product_brand?post=345262"},{"taxonomy":"product_cat","embeddable":true,"href":"https:\/\/gajos.sk\/eshop\/wp-json\/wp\/v2\/product_cat?post=345262"},{"taxonomy":"product_tag","embeddable":true,"href":"https:\/\/gajos.sk\/eshop\/wp-json\/wp\/v2\/product_tag?post=345262"}],"curies":[{"name":"wp","href":"https:\/\/api.w.org\/{rel}","templated":true}]}}