{"id":345094,"date":"2024-03-01T21:31:24","date_gmt":"2024-03-01T20:31:24","guid":{"rendered":"https:\/\/gajostest.a2hosted.com\/eshop\/neurum-camou-bunda\/"},"modified":"2026-05-07T21:40:28","modified_gmt":"2026-05-07T19:40:28","slug":"neurum-camou-bunda","status":"publish","type":"product","link":"https:\/\/gajos.sk\/eshop\/p\/neurum-camou-bunda\/","title":{"rendered":"NEURUM CAMOU bunda"},"content":{"rendered":"","protected":false},"excerpt":{"rendered":"<p>pracovn\u00e1 bunda so stojac\u00edm golierom a zap\u00ednan\u00edm na zips v modernom mask\u00e1\u010dovom vzore, elastick\u00fd inovat\u00edvny\u00ed materi\u00e1l TRIFIBETEX v kombin\u00e1cii s nylon TRIFIBETEX PRO, CORDURA zosilnenie v oblasti ramien, 2 bo\u010dn\u00e9 vreck\u00e1 a 2 n\u00e1prsn\u00e9 vreck\u00e1, elastick\u00e9 man\u017eety ruk\u00e1vov, odoln\u00e9 trojit\u00e9 pre\u0161itie\u00ed, reflexn\u00e9 prvky vo farebnom odstieni. Materi\u00e1l: 62% bavlna, 35% polyester, 3% spandex, twill, 260 g\/m2.<\/p>\n","protected":false},"featured_media":345096,"template":"","meta":{"_acf_changed":false,"inline_featured_image":false},"product_brand":[],"product_cat":[2121,2122,2123],"product_tag":[1179],"class_list":{"0":"post-345094","1":"product","2":"type-product","3":"status-publish","4":"has-post-thumbnail","6":"product_cat-odevy","7":"product_cat-bundy-a-kabaty","8":"product_cat-bundy","9":"product_tag-cerva","10":"pa_farba-petrolejova","11":"pa_farba-navy","12":"pa_farba-tm-olivova","13":"pa_farba-antracit","14":"pa_velkost-3123","15":"pa_velkost-3155","16":"pa_velkost-3157","17":"pa_velkost-3158","18":"pa_velkost-3159","19":"pa_velkost-3160","20":"pa_velkost-3161","21":"pa_velkost-3162","22":"pa_velkost-3110","23":"pa_velkost-3121","25":"first","26":"instock","27":"taxable","28":"shipping-taxable","29":"purchasable","30":"product-type-variable"},"acf":[],"_links":{"self":[{"href":"https:\/\/gajos.sk\/eshop\/wp-json\/wp\/v2\/product\/345094","targetHints":{"allow":["GET"]}}],"collection":[{"href":"https:\/\/gajos.sk\/eshop\/wp-json\/wp\/v2\/product"}],"about":[{"href":"https:\/\/gajos.sk\/eshop\/wp-json\/wp\/v2\/types\/product"}],"wp:featuredmedia":[{"embeddable":true,"href":"https:\/\/gajos.sk\/eshop\/wp-json\/wp\/v2\/media\/345096"}],"wp:attachment":[{"href":"https:\/\/gajos.sk\/eshop\/wp-json\/wp\/v2\/media?parent=345094"}],"wp:term":[{"taxonomy":"product_brand","embeddable":true,"href":"https:\/\/gajos.sk\/eshop\/wp-json\/wp\/v2\/product_brand?post=345094"},{"taxonomy":"product_cat","embeddable":true,"href":"https:\/\/gajos.sk\/eshop\/wp-json\/wp\/v2\/product_cat?post=345094"},{"taxonomy":"product_tag","embeddable":true,"href":"https:\/\/gajos.sk\/eshop\/wp-json\/wp\/v2\/product_tag?post=345094"}],"curies":[{"name":"wp","href":"https:\/\/api.w.org\/{rel}","templated":true}]}}