{"id":344998,"date":"2024-03-01T21:29:42","date_gmt":"2024-03-01T20:29:42","guid":{"rendered":"https:\/\/gajostest.a2hosted.com\/eshop\/reusel-bunda\/"},"modified":"2026-04-15T21:46:43","modified_gmt":"2026-04-15T19:46:43","slug":"reusel-bunda","status":"publish","type":"product","link":"https:\/\/gajos.sk\/eshop\/p\/reusel-bunda\/","title":{"rendered":"REUSEL bunda"},"content":{"rendered":"","protected":false},"excerpt":{"rendered":"<p>p\u00e1nska pracovn\u00e1 bunda; zap\u00ednanie pokryt\u00e9 such\u00fdm zipsom; 2 predn\u00e9 vreck\u00e1, 2 n\u00e1prsn\u00e9 vreck\u00e1; 1 n\u00e1hrudn\u00e9 vrecko na mobiln\u00fd telef\u00f3n s elektronick\u00fdm zabezpe\u010den\u00edm; Oxford 600D v\u00fdstu\u017e lak\u0165ov a ramien; reflexn\u00e9 prvky; kontrastn\u00e9 pre\u0161\u00edvanie.<\/p>\n","protected":false},"featured_media":345000,"template":"","meta":{"_acf_changed":false,"inline_featured_image":false},"product_brand":[],"product_cat":[2121,2122,2123],"product_tag":[1274],"class_list":{"0":"post-344998","1":"product","2":"type-product","3":"status-publish","4":"has-post-thumbnail","6":"product_cat-odevy","7":"product_cat-bundy-a-kabaty","8":"product_cat-bundy","9":"product_tag-safeworker","10":"pa_farba-antracit-cervena","11":"pa_velkost-3110","12":"pa_velkost-3121","13":"pa_velkost-3123","14":"pa_velkost-3155","15":"pa_velkost-3157","16":"pa_velkost-3158","17":"pa_velkost-3159","18":"pa_velkost-3160","19":"pa_velkost-3161","20":"pa_velkost-3162","22":"first","23":"instock","24":"taxable","25":"shipping-taxable","26":"purchasable","27":"product-type-variable"},"acf":[],"_links":{"self":[{"href":"https:\/\/gajos.sk\/eshop\/wp-json\/wp\/v2\/product\/344998","targetHints":{"allow":["GET"]}}],"collection":[{"href":"https:\/\/gajos.sk\/eshop\/wp-json\/wp\/v2\/product"}],"about":[{"href":"https:\/\/gajos.sk\/eshop\/wp-json\/wp\/v2\/types\/product"}],"wp:featuredmedia":[{"embeddable":true,"href":"https:\/\/gajos.sk\/eshop\/wp-json\/wp\/v2\/media\/345000"}],"wp:attachment":[{"href":"https:\/\/gajos.sk\/eshop\/wp-json\/wp\/v2\/media?parent=344998"}],"wp:term":[{"taxonomy":"product_brand","embeddable":true,"href":"https:\/\/gajos.sk\/eshop\/wp-json\/wp\/v2\/product_brand?post=344998"},{"taxonomy":"product_cat","embeddable":true,"href":"https:\/\/gajos.sk\/eshop\/wp-json\/wp\/v2\/product_cat?post=344998"},{"taxonomy":"product_tag","embeddable":true,"href":"https:\/\/gajos.sk\/eshop\/wp-json\/wp\/v2\/product_tag?post=344998"}],"curies":[{"name":"wp","href":"https:\/\/api.w.org\/{rel}","templated":true}]}}