{"id":344912,"date":"2024-03-01T21:29:18","date_gmt":"2024-03-01T20:29:18","guid":{"rendered":"https:\/\/gajostest.a2hosted.com\/eshop\/bhadra-fleece-mikina\/"},"modified":"2026-05-07T21:40:28","modified_gmt":"2026-05-07T19:40:28","slug":"bhadra-fleece-mikina","status":"publish","type":"product","link":"https:\/\/gajos.sk\/eshop\/p\/bhadra-fleece-mikina\/","title":{"rendered":"BHADRA fleece mikina"},"content":{"rendered":"","protected":false},"excerpt":{"rendered":"<p>p\u00e1nska fleecov\u00e1 bunda s ragl\u00e1nov\u00fdmi ruk\u00e1vmi, zap\u00ednanie na zips, 1 n\u00e1prsn\u00e9 vrecko a 2 bo\u010dn\u00e9 vreck\u00e1 na zips, pru\u017en\u00e9 spodn\u00fd lemy ruk\u00e1vov, \u0161n\u00farka na stiahnutie v p\u00e1se<\/p>\n","protected":false},"featured_media":344914,"template":"","meta":{"_acf_changed":false,"inline_featured_image":false},"product_brand":[],"product_cat":[2121,2122,2123],"product_tag":[1179],"class_list":{"0":"post-344912","1":"product","2":"type-product","3":"status-publish","4":"has-post-thumbnail","6":"product_cat-odevy","7":"product_cat-bundy-a-kabaty","8":"product_cat-bundy","9":"product_tag-cerva","10":"pa_farba-cervena","11":"pa_farba-cierna","12":"pa_farba-royal-modra","13":"pa_farba-siva","14":"pa_farba-tm-zelena","15":"pa_farba-biela","16":"pa_farba-navy","17":"pa_velkost-xs","18":"pa_velkost-xl","19":"pa_velkost-l","20":"pa_velkost-m","21":"pa_velkost-s","22":"pa_velkost-3xl","23":"pa_velkost-xxl","25":"first","26":"instock","27":"taxable","28":"shipping-taxable","29":"purchasable","30":"product-type-variable"},"acf":[],"_links":{"self":[{"href":"https:\/\/gajos.sk\/eshop\/wp-json\/wp\/v2\/product\/344912","targetHints":{"allow":["GET"]}}],"collection":[{"href":"https:\/\/gajos.sk\/eshop\/wp-json\/wp\/v2\/product"}],"about":[{"href":"https:\/\/gajos.sk\/eshop\/wp-json\/wp\/v2\/types\/product"}],"wp:featuredmedia":[{"embeddable":true,"href":"https:\/\/gajos.sk\/eshop\/wp-json\/wp\/v2\/media\/344914"}],"wp:attachment":[{"href":"https:\/\/gajos.sk\/eshop\/wp-json\/wp\/v2\/media?parent=344912"}],"wp:term":[{"taxonomy":"product_brand","embeddable":true,"href":"https:\/\/gajos.sk\/eshop\/wp-json\/wp\/v2\/product_brand?post=344912"},{"taxonomy":"product_cat","embeddable":true,"href":"https:\/\/gajos.sk\/eshop\/wp-json\/wp\/v2\/product_cat?post=344912"},{"taxonomy":"product_tag","embeddable":true,"href":"https:\/\/gajos.sk\/eshop\/wp-json\/wp\/v2\/product_tag?post=344912"}],"curies":[{"name":"wp","href":"https:\/\/api.w.org\/{rel}","templated":true}]}}