{"id":344886,"date":"2024-03-01T21:29:11","date_gmt":"2024-03-01T20:29:11","guid":{"rendered":"https:\/\/gajostest.a2hosted.com\/eshop\/sevilla-hv-fleece-mikina\/"},"modified":"2026-05-07T21:40:28","modified_gmt":"2026-05-07T19:40:28","slug":"sevilla-hv-fleece-mikina","status":"publish","type":"product","link":"https:\/\/gajos.sk\/eshop\/p\/sevilla-hv-fleece-mikina\/","title":{"rendered":"SEVILLA HV FLEECE mikina"},"content":{"rendered":"","protected":false},"excerpt":{"rendered":"<p>p\u00e1nska Hi-Vis fleecov\u00e1 bunda s reflexn\u00fdmi doplnkami cez ramen\u00e1, v bokoch a na ruk\u00e1voch<br \/>\no ve\u013ekosti 5 cm, zap\u00ednanie na zips, 1 n\u00e1prsn\u00e9 vrecko, 2 postrann\u00e9 vreck\u00e1 na zips, elastick\u00e9 lemy ruk\u00e1vov a bokov<\/p>\n","protected":false},"featured_media":344888,"template":"","meta":{"_acf_changed":false,"inline_featured_image":false},"product_brand":[],"product_cat":[2121,2122,2123],"product_tag":[1179],"class_list":{"0":"post-344886","1":"product","2":"type-product","3":"status-publish","4":"has-post-thumbnail","6":"product_cat-odevy","7":"product_cat-bundy-a-kabaty","8":"product_cat-bundy","9":"product_tag-cerva","10":"pa_farba-oranzova-navy","11":"pa_farba-zlta-navy","12":"pa_farba-zlta-zelena","13":"pa_farba-zlta-siva","14":"pa_velkost-m","15":"pa_velkost-s","16":"pa_velkost-3xl","17":"pa_velkost-xxl","18":"pa_velkost-xl","19":"pa_velkost-l","21":"first","22":"instock","23":"taxable","24":"shipping-taxable","25":"purchasable","26":"product-type-variable"},"acf":[],"_links":{"self":[{"href":"https:\/\/gajos.sk\/eshop\/wp-json\/wp\/v2\/product\/344886","targetHints":{"allow":["GET"]}}],"collection":[{"href":"https:\/\/gajos.sk\/eshop\/wp-json\/wp\/v2\/product"}],"about":[{"href":"https:\/\/gajos.sk\/eshop\/wp-json\/wp\/v2\/types\/product"}],"wp:featuredmedia":[{"embeddable":true,"href":"https:\/\/gajos.sk\/eshop\/wp-json\/wp\/v2\/media\/344888"}],"wp:attachment":[{"href":"https:\/\/gajos.sk\/eshop\/wp-json\/wp\/v2\/media?parent=344886"}],"wp:term":[{"taxonomy":"product_brand","embeddable":true,"href":"https:\/\/gajos.sk\/eshop\/wp-json\/wp\/v2\/product_brand?post=344886"},{"taxonomy":"product_cat","embeddable":true,"href":"https:\/\/gajos.sk\/eshop\/wp-json\/wp\/v2\/product_cat?post=344886"},{"taxonomy":"product_tag","embeddable":true,"href":"https:\/\/gajos.sk\/eshop\/wp-json\/wp\/v2\/product_tag?post=344886"}],"curies":[{"name":"wp","href":"https:\/\/api.w.org\/{rel}","templated":true}]}}