{"id":344838,"date":"2024-03-01T21:27:37","date_gmt":"2024-03-01T20:27:37","guid":{"rendered":"https:\/\/gajostest.a2hosted.com\/eshop\/neurum-light-softshell-vesta\/"},"modified":"2026-05-07T21:40:28","modified_gmt":"2026-05-07T19:40:28","slug":"neurum-light-softshell-vesta","status":"publish","type":"product","link":"https:\/\/gajos.sk\/eshop\/p\/neurum-light-softshell-vesta\/","title":{"rendered":"NEURUM LIGHT softshell vesta"},"content":{"rendered":"","protected":false},"excerpt":{"rendered":"<p>p\u00e1nska celozap\u00ednacia softshellov\u00e1 vesta so stoja\u010dikom; 2 postrann\u00e9 vreck\u00e1; 1 n\u00e1prsn\u00e9 vrecko; elastick\u00fd p\u00e1s; reflexn\u00e9 detaily.<\/p>\n","protected":false},"featured_media":344840,"template":"","meta":{"_acf_changed":false,"inline_featured_image":false},"product_brand":[],"product_cat":[2160,2161,2121],"product_tag":[1179],"class_list":{"0":"post-344838","1":"product","2":"type-product","3":"status-publish","4":"has-post-thumbnail","6":"product_cat-mikiny-svetre-vesty","7":"product_cat-vesty","8":"product_cat-odevy","9":"product_tag-cerva","10":"pa_farba-navy","11":"pa_farba-antracit","12":"pa_farba-petrolejova","13":"pa_farba-tm-olivova","14":"pa_velkost-3xl","15":"pa_velkost-xxl","16":"pa_velkost-4xl","17":"pa_velkost-xs","18":"pa_velkost-xl","19":"pa_velkost-l","20":"pa_velkost-m","21":"pa_velkost-s","23":"first","24":"instock","25":"taxable","26":"shipping-taxable","27":"purchasable","28":"product-type-variable"},"acf":[],"_links":{"self":[{"href":"https:\/\/gajos.sk\/eshop\/wp-json\/wp\/v2\/product\/344838","targetHints":{"allow":["GET"]}}],"collection":[{"href":"https:\/\/gajos.sk\/eshop\/wp-json\/wp\/v2\/product"}],"about":[{"href":"https:\/\/gajos.sk\/eshop\/wp-json\/wp\/v2\/types\/product"}],"wp:featuredmedia":[{"embeddable":true,"href":"https:\/\/gajos.sk\/eshop\/wp-json\/wp\/v2\/media\/344840"}],"wp:attachment":[{"href":"https:\/\/gajos.sk\/eshop\/wp-json\/wp\/v2\/media?parent=344838"}],"wp:term":[{"taxonomy":"product_brand","embeddable":true,"href":"https:\/\/gajos.sk\/eshop\/wp-json\/wp\/v2\/product_brand?post=344838"},{"taxonomy":"product_cat","embeddable":true,"href":"https:\/\/gajos.sk\/eshop\/wp-json\/wp\/v2\/product_cat?post=344838"},{"taxonomy":"product_tag","embeddable":true,"href":"https:\/\/gajos.sk\/eshop\/wp-json\/wp\/v2\/product_tag?post=344838"}],"curies":[{"name":"wp","href":"https:\/\/api.w.org\/{rel}","templated":true}]}}