{"id":344502,"date":"2024-03-01T21:21:48","date_gmt":"2024-03-01T20:21:48","guid":{"rendered":"https:\/\/gajostest.a2hosted.com\/eshop\/neurum-ciapka-s-siltom\/"},"modified":"2026-05-07T21:38:26","modified_gmt":"2026-05-07T19:38:26","slug":"neurum-ciapka-s-siltom","status":"publish","type":"product","link":"https:\/\/gajos.sk\/eshop\/p\/neurum-ciapka-s-siltom\/","title":{"rendered":"NEURUM \u010diapka s \u0161iltom"},"content":{"rendered":"","protected":false},"excerpt":{"rendered":"<p>Obsah setu: zachyt\u00e1vac\u00ed postroj, zachyt\u00e1va\u010d p\u00e1du s tlmi\u010dom a<\/p>\n","protected":false},"featured_media":344504,"template":"","meta":{"_acf_changed":false,"inline_featured_image":false},"product_brand":[],"product_cat":[2121,2149,2140],"product_tag":[1179],"class_list":{"0":"post-344502","1":"product","2":"type-product","3":"status-publish","4":"has-post-thumbnail","6":"product_cat-odevy","7":"product_cat-pokryvka-hlavy","8":"product_cat-ostatne-odevy","9":"product_tag-cerva","10":"pa_farba-antracit","11":"pa_farba-petrolejova","12":"pa_farba-tm-olivova","13":"pa_farba-navy","15":"first","16":"instock","17":"taxable","18":"shipping-taxable","19":"purchasable","20":"product-type-variable"},"acf":[],"_links":{"self":[{"href":"https:\/\/gajos.sk\/eshop\/wp-json\/wp\/v2\/product\/344502","targetHints":{"allow":["GET"]}}],"collection":[{"href":"https:\/\/gajos.sk\/eshop\/wp-json\/wp\/v2\/product"}],"about":[{"href":"https:\/\/gajos.sk\/eshop\/wp-json\/wp\/v2\/types\/product"}],"wp:featuredmedia":[{"embeddable":true,"href":"https:\/\/gajos.sk\/eshop\/wp-json\/wp\/v2\/media\/344504"}],"wp:attachment":[{"href":"https:\/\/gajos.sk\/eshop\/wp-json\/wp\/v2\/media?parent=344502"}],"wp:term":[{"taxonomy":"product_brand","embeddable":true,"href":"https:\/\/gajos.sk\/eshop\/wp-json\/wp\/v2\/product_brand?post=344502"},{"taxonomy":"product_cat","embeddable":true,"href":"https:\/\/gajos.sk\/eshop\/wp-json\/wp\/v2\/product_cat?post=344502"},{"taxonomy":"product_tag","embeddable":true,"href":"https:\/\/gajos.sk\/eshop\/wp-json\/wp\/v2\/product_tag?post=344502"}],"curies":[{"name":"wp","href":"https:\/\/api.w.org\/{rel}","templated":true}]}}