{"id":344405,"date":"2024-03-01T21:21:14","date_gmt":"2024-03-01T20:21:14","guid":{"rendered":"https:\/\/gajostest.a2hosted.com\/eshop\/sangu-polokosela-dl-rukav\/"},"modified":"2026-05-07T21:38:26","modified_gmt":"2026-05-07T19:38:26","slug":"sangu-polokosela-dl-rukav","status":"publish","type":"product","link":"https:\/\/gajos.sk\/eshop\/p\/sangu-polokosela-dl-rukav\/","title":{"rendered":"SANGU poloko\u0161e\u013ea dl.ruk\u00e1v"},"content":{"rendered":"","protected":false},"excerpt":{"rendered":"<p>p\u00e1nska poloko\u0161e\u013ea s dlh\u00fdmi ruk\u00e1vmi, zap\u00ednanie na 3 gomb\u00edky, golier a ruk\u00e1vy zakon\u010den\u00e9 rebrov\u00fdm \u00fapletom<\/p>\n","protected":false},"featured_media":344407,"template":"","meta":{"_acf_changed":false,"inline_featured_image":false},"product_brand":[],"product_cat":[2165,2121,2135],"product_tag":[1179],"class_list":{"0":"post-344405","1":"product","2":"type-product","3":"status-publish","4":"has-post-thumbnail","6":"product_cat-polokosele","7":"product_cat-odevy","8":"product_cat-tricka-a-kosele","9":"product_tag-cerva","10":"pa_farba-royal-modra","11":"pa_farba-siva","12":"pa_farba-tm-zelena","13":"pa_farba-biela","14":"pa_farba-navy","15":"pa_farba-cervena","16":"pa_farba-cierna","17":"pa_velkost-xl","18":"pa_velkost-l","19":"pa_velkost-m","20":"pa_velkost-s","21":"pa_velkost-3xl","22":"pa_velkost-xxl","23":"pa_velkost-xs","25":"first","26":"instock","27":"taxable","28":"shipping-taxable","29":"purchasable","30":"product-type-variable"},"acf":[],"_links":{"self":[{"href":"https:\/\/gajos.sk\/eshop\/wp-json\/wp\/v2\/product\/344405","targetHints":{"allow":["GET"]}}],"collection":[{"href":"https:\/\/gajos.sk\/eshop\/wp-json\/wp\/v2\/product"}],"about":[{"href":"https:\/\/gajos.sk\/eshop\/wp-json\/wp\/v2\/types\/product"}],"wp:featuredmedia":[{"embeddable":true,"href":"https:\/\/gajos.sk\/eshop\/wp-json\/wp\/v2\/media\/344407"}],"wp:attachment":[{"href":"https:\/\/gajos.sk\/eshop\/wp-json\/wp\/v2\/media?parent=344405"}],"wp:term":[{"taxonomy":"product_brand","embeddable":true,"href":"https:\/\/gajos.sk\/eshop\/wp-json\/wp\/v2\/product_brand?post=344405"},{"taxonomy":"product_cat","embeddable":true,"href":"https:\/\/gajos.sk\/eshop\/wp-json\/wp\/v2\/product_cat?post=344405"},{"taxonomy":"product_tag","embeddable":true,"href":"https:\/\/gajos.sk\/eshop\/wp-json\/wp\/v2\/product_tag?post=344405"}],"curies":[{"name":"wp","href":"https:\/\/api.w.org\/{rel}","templated":true}]}}