{"id":344314,"date":"2024-03-01T21:19:35","date_gmt":"2024-03-01T20:19:35","guid":{"rendered":"https:\/\/gajostest.a2hosted.com\/eshop\/3m-450-navleky-na-vysoku-obuv-protismyk\/"},"modified":"2026-04-19T06:56:46","modified_gmt":"2026-04-19T04:56:46","slug":"3m-450-navleky-na-vysoku-obuv-protismyk","status":"publish","type":"product","link":"https:\/\/gajos.sk\/eshop\/p\/3m-450-navleky-na-vysoku-obuv-protismyk\/","title":{"rendered":"3M 450 n\u00e1vleky na vysok\u00fa obuv proti\u0161myk"},"content":{"rendered":"","protected":false},"excerpt":{"rendered":"","protected":false},"featured_media":0,"template":"","meta":{"_acf_changed":false,"inline_featured_image":false},"product_brand":[],"product_cat":[2175],"product_tag":[1275],"class_list":{"0":"post-344314","1":"product","2":"type-product","3":"status-publish","5":"product_cat-produkty","6":"product_tag-3m","7":"pa_velkost-uni","9":"first","10":"instock","11":"taxable","12":"shipping-taxable","13":"purchasable","14":"product-type-variable"},"acf":[],"_links":{"self":[{"href":"https:\/\/gajos.sk\/eshop\/wp-json\/wp\/v2\/product\/344314","targetHints":{"allow":["GET"]}}],"collection":[{"href":"https:\/\/gajos.sk\/eshop\/wp-json\/wp\/v2\/product"}],"about":[{"href":"https:\/\/gajos.sk\/eshop\/wp-json\/wp\/v2\/types\/product"}],"wp:attachment":[{"href":"https:\/\/gajos.sk\/eshop\/wp-json\/wp\/v2\/media?parent=344314"}],"wp:term":[{"taxonomy":"product_brand","embeddable":true,"href":"https:\/\/gajos.sk\/eshop\/wp-json\/wp\/v2\/product_brand?post=344314"},{"taxonomy":"product_cat","embeddable":true,"href":"https:\/\/gajos.sk\/eshop\/wp-json\/wp\/v2\/product_cat?post=344314"},{"taxonomy":"product_tag","embeddable":true,"href":"https:\/\/gajos.sk\/eshop\/wp-json\/wp\/v2\/product_tag?post=344314"}],"curies":[{"name":"wp","href":"https:\/\/api.w.org\/{rel}","templated":true}]}}