{"id":344307,"date":"2024-03-01T21:19:32","date_gmt":"2024-03-01T20:19:32","guid":{"rendered":"https:\/\/gajostest.a2hosted.com\/eshop\/ob-navlek-cez-obuv\/"},"modified":"2026-04-25T21:46:08","modified_gmt":"2026-04-25T19:46:08","slug":"ob-navlek-cez-obuv","status":"publish","type":"product","link":"https:\/\/gajos.sk\/eshop\/p\/ob-navlek-cez-obuv\/","title":{"rendered":"OB n\u00e1vlek cez obuv"},"content":{"rendered":"","protected":false},"excerpt":{"rendered":"<p>\u2022 ochrann\u00fd proti\u0161mykov\u00fd n\u00e1vlek s PVC podr\u00e1\u017ekou na n\u00edzku top\u00e1nku \u2022 je ur\u010den\u00fd na opakovan\u00e9 pou\u017eitie polyester \/ PVC<\/p>\n","protected":false},"featured_media":344309,"template":"","meta":{"_acf_changed":false,"inline_featured_image":false},"product_brand":[],"product_cat":[2175],"product_tag":[2240],"class_list":{"0":"post-344307","1":"product","2":"type-product","3":"status-publish","4":"has-post-thumbnail","6":"product_cat-produkty","7":"product_tag-dg-tachov","8":"pa_velkost-c-39","9":"pa_velkost-c-46","10":"pa_velkost-c-49","11":"pa_velkost-c-36","12":"pa_velkost-c-43","14":"first","15":"instock","16":"taxable","17":"shipping-taxable","18":"purchasable","19":"product-type-variable"},"acf":[],"_links":{"self":[{"href":"https:\/\/gajos.sk\/eshop\/wp-json\/wp\/v2\/product\/344307","targetHints":{"allow":["GET"]}}],"collection":[{"href":"https:\/\/gajos.sk\/eshop\/wp-json\/wp\/v2\/product"}],"about":[{"href":"https:\/\/gajos.sk\/eshop\/wp-json\/wp\/v2\/types\/product"}],"wp:featuredmedia":[{"embeddable":true,"href":"https:\/\/gajos.sk\/eshop\/wp-json\/wp\/v2\/media\/344309"}],"wp:attachment":[{"href":"https:\/\/gajos.sk\/eshop\/wp-json\/wp\/v2\/media?parent=344307"}],"wp:term":[{"taxonomy":"product_brand","embeddable":true,"href":"https:\/\/gajos.sk\/eshop\/wp-json\/wp\/v2\/product_brand?post=344307"},{"taxonomy":"product_cat","embeddable":true,"href":"https:\/\/gajos.sk\/eshop\/wp-json\/wp\/v2\/product_cat?post=344307"},{"taxonomy":"product_tag","embeddable":true,"href":"https:\/\/gajos.sk\/eshop\/wp-json\/wp\/v2\/product_tag?post=344307"}],"curies":[{"name":"wp","href":"https:\/\/api.w.org\/{rel}","templated":true}]}}