{"id":344300,"date":"2024-03-01T21:19:27","date_gmt":"2024-03-01T20:19:27","guid":{"rendered":"https:\/\/gajostest.a2hosted.com\/eshop\/tyvek-500-navl-obuv-antislip-posa\/"},"modified":"2026-05-07T21:38:26","modified_gmt":"2026-05-07T19:38:26","slug":"tyvek-500-navl-obuv-antislip-posa","status":"publish","type":"product","link":"https:\/\/gajos.sk\/eshop\/p\/tyvek-500-navl-obuv-antislip-posa\/","title":{"rendered":"Tyvek 500 n\u00e1vl. obuv antislip POSA"},"content":{"rendered":"","protected":false},"excerpt":{"rendered":"<p>Ochrann\u00fd proti\u0161mykov\u00fd n\u00e1vlek s PVC podr\u00e1\u017ekou na n\u00edzku obuv.<\/p>\n","protected":false},"featured_media":344289,"template":"","meta":{"_acf_changed":false,"inline_featured_image":false},"product_brand":[],"product_cat":[2175],"product_tag":[1206],"class_list":{"0":"post-344300","1":"product","2":"type-product","3":"status-publish","4":"has-post-thumbnail","6":"product_cat-produkty","7":"product_tag-dupont","8":"pa_velkost-uni","10":"first","11":"instock","12":"taxable","13":"shipping-taxable","14":"purchasable","15":"product-type-variable"},"acf":[],"_links":{"self":[{"href":"https:\/\/gajos.sk\/eshop\/wp-json\/wp\/v2\/product\/344300","targetHints":{"allow":["GET"]}}],"collection":[{"href":"https:\/\/gajos.sk\/eshop\/wp-json\/wp\/v2\/product"}],"about":[{"href":"https:\/\/gajos.sk\/eshop\/wp-json\/wp\/v2\/types\/product"}],"wp:featuredmedia":[{"embeddable":true,"href":"https:\/\/gajos.sk\/eshop\/wp-json\/wp\/v2\/media\/344289"}],"wp:attachment":[{"href":"https:\/\/gajos.sk\/eshop\/wp-json\/wp\/v2\/media?parent=344300"}],"wp:term":[{"taxonomy":"product_brand","embeddable":true,"href":"https:\/\/gajos.sk\/eshop\/wp-json\/wp\/v2\/product_brand?post=344300"},{"taxonomy":"product_cat","embeddable":true,"href":"https:\/\/gajos.sk\/eshop\/wp-json\/wp\/v2\/product_cat?post=344300"},{"taxonomy":"product_tag","embeddable":true,"href":"https:\/\/gajos.sk\/eshop\/wp-json\/wp\/v2\/product_tag?post=344300"}],"curies":[{"name":"wp","href":"https:\/\/api.w.org\/{rel}","templated":true}]}}