{"id":344297,"date":"2024-03-01T21:19:27","date_gmt":"2024-03-01T20:19:27","guid":{"rendered":"https:\/\/gajostest.a2hosted.com\/eshop\/ansell-64-569sc-36bcpenavlek-obuv\/"},"modified":"2026-05-07T21:38:26","modified_gmt":"2026-05-07T19:38:26","slug":"ansell-64-569sc-36bcpenavlek-obuv","status":"publish","type":"product","link":"https:\/\/gajos.sk\/eshop\/p\/ansell-64-569sc-36bcpenavlek-obuv\/","title":{"rendered":"ANSELL  64-569(SC-36BCPE)n\u00e1vlek obuv"},"content":{"rendered":"","protected":false},"excerpt":{"rendered":"<p>Kryt na top\u00e1nky PE modr\u00fd.<\/p>\n","protected":false},"featured_media":0,"template":"","meta":{"_acf_changed":false,"inline_featured_image":false},"product_brand":[],"product_cat":[2175],"product_tag":[1219],"class_list":{"0":"post-344297","1":"product","2":"type-product","3":"status-publish","5":"product_cat-produkty","6":"product_tag-ansell","7":"pa_farba-modra","8":"pa_velkost-36-cm","9":"pa_velkost-41-cm","11":"first","12":"instock","13":"taxable","14":"shipping-taxable","15":"purchasable","16":"product-type-variable"},"acf":[],"_links":{"self":[{"href":"https:\/\/gajos.sk\/eshop\/wp-json\/wp\/v2\/product\/344297","targetHints":{"allow":["GET"]}}],"collection":[{"href":"https:\/\/gajos.sk\/eshop\/wp-json\/wp\/v2\/product"}],"about":[{"href":"https:\/\/gajos.sk\/eshop\/wp-json\/wp\/v2\/types\/product"}],"wp:attachment":[{"href":"https:\/\/gajos.sk\/eshop\/wp-json\/wp\/v2\/media?parent=344297"}],"wp:term":[{"taxonomy":"product_brand","embeddable":true,"href":"https:\/\/gajos.sk\/eshop\/wp-json\/wp\/v2\/product_brand?post=344297"},{"taxonomy":"product_cat","embeddable":true,"href":"https:\/\/gajos.sk\/eshop\/wp-json\/wp\/v2\/product_cat?post=344297"},{"taxonomy":"product_tag","embeddable":true,"href":"https:\/\/gajos.sk\/eshop\/wp-json\/wp\/v2\/product_tag?post=344297"}],"curies":[{"name":"wp","href":"https:\/\/api.w.org\/{rel}","templated":true}]}}