{"id":344287,"date":"2024-03-01T21:19:20","date_gmt":"2024-03-01T20:19:20","guid":{"rendered":"https:\/\/gajostest.a2hosted.com\/eshop\/tyvek-navlek-na-obuv-antislip-42-46-ks\/"},"modified":"2026-05-07T21:38:26","modified_gmt":"2026-05-07T19:38:26","slug":"tyvek-navlek-na-obuv-antislip-42-46-ks","status":"publish","type":"product","link":"https:\/\/gajos.sk\/eshop\/p\/tyvek-navlek-na-obuv-antislip-42-46-ks\/","title":{"rendered":"TYVEK n\u00e1vlek na obuv antislip 42-46 ks"},"content":{"rendered":"","protected":false},"excerpt":{"rendered":"<p>Ochrann\u00fd proti\u0161mykov\u00fd n\u00e1vlek s\u00a0PVC podr\u00e1\u017ekou na\u00a0n\u00edzku obuv.<\/p>\n","protected":false},"featured_media":344289,"template":"","meta":{"_acf_changed":false,"inline_featured_image":false},"product_brand":[],"product_cat":[2175],"product_tag":[1206],"class_list":{"0":"post-344287","1":"product","2":"type-product","3":"status-publish","4":"has-post-thumbnail","6":"product_cat-produkty","7":"product_tag-dupont","9":"first","10":"instock","11":"taxable","12":"shipping-taxable","13":"purchasable","14":"product-type-variable"},"acf":[],"_links":{"self":[{"href":"https:\/\/gajos.sk\/eshop\/wp-json\/wp\/v2\/product\/344287","targetHints":{"allow":["GET"]}}],"collection":[{"href":"https:\/\/gajos.sk\/eshop\/wp-json\/wp\/v2\/product"}],"about":[{"href":"https:\/\/gajos.sk\/eshop\/wp-json\/wp\/v2\/types\/product"}],"wp:featuredmedia":[{"embeddable":true,"href":"https:\/\/gajos.sk\/eshop\/wp-json\/wp\/v2\/media\/344289"}],"wp:attachment":[{"href":"https:\/\/gajos.sk\/eshop\/wp-json\/wp\/v2\/media?parent=344287"}],"wp:term":[{"taxonomy":"product_brand","embeddable":true,"href":"https:\/\/gajos.sk\/eshop\/wp-json\/wp\/v2\/product_brand?post=344287"},{"taxonomy":"product_cat","embeddable":true,"href":"https:\/\/gajos.sk\/eshop\/wp-json\/wp\/v2\/product_cat?post=344287"},{"taxonomy":"product_tag","embeddable":true,"href":"https:\/\/gajos.sk\/eshop\/wp-json\/wp\/v2\/product_tag?post=344287"}],"curies":[{"name":"wp","href":"https:\/\/api.w.org\/{rel}","templated":true}]}}