{"id":344265,"date":"2024-03-01T21:19:06","date_gmt":"2024-03-01T20:19:06","guid":{"rendered":"https:\/\/gajostest.a2hosted.com\/eshop\/tyvek-500-rukavnik-dl-50cm\/"},"modified":"2026-05-07T21:38:26","modified_gmt":"2026-05-07T19:38:26","slug":"tyvek-500-rukavnik-dl-50cm","status":"publish","type":"product","link":"https:\/\/gajos.sk\/eshop\/p\/tyvek-500-rukavnik-dl-50cm\/","title":{"rendered":"Tyvek 500 ruk\u00e1vn\u00edk dl.50cm"},"content":{"rendered":"","protected":false},"excerpt":{"rendered":"<p>Ochrann\u00fd n\u00e1vlek na pa\u017eu.<\/p>\n","protected":false},"featured_media":344267,"template":"","meta":{"_acf_changed":false,"inline_featured_image":false},"product_brand":[],"product_cat":[2175],"product_tag":[1206],"class_list":{"0":"post-344265","1":"product","2":"type-product","3":"status-publish","4":"has-post-thumbnail","6":"product_cat-produkty","7":"product_tag-dupont","8":"pa_farba-siva","9":"pa_velkost-50-cm","11":"first","12":"instock","13":"taxable","14":"shipping-taxable","15":"purchasable","16":"product-type-variable"},"acf":[],"_links":{"self":[{"href":"https:\/\/gajos.sk\/eshop\/wp-json\/wp\/v2\/product\/344265","targetHints":{"allow":["GET"]}}],"collection":[{"href":"https:\/\/gajos.sk\/eshop\/wp-json\/wp\/v2\/product"}],"about":[{"href":"https:\/\/gajos.sk\/eshop\/wp-json\/wp\/v2\/types\/product"}],"wp:featuredmedia":[{"embeddable":true,"href":"https:\/\/gajos.sk\/eshop\/wp-json\/wp\/v2\/media\/344267"}],"wp:attachment":[{"href":"https:\/\/gajos.sk\/eshop\/wp-json\/wp\/v2\/media?parent=344265"}],"wp:term":[{"taxonomy":"product_brand","embeddable":true,"href":"https:\/\/gajos.sk\/eshop\/wp-json\/wp\/v2\/product_brand?post=344265"},{"taxonomy":"product_cat","embeddable":true,"href":"https:\/\/gajos.sk\/eshop\/wp-json\/wp\/v2\/product_cat?post=344265"},{"taxonomy":"product_tag","embeddable":true,"href":"https:\/\/gajos.sk\/eshop\/wp-json\/wp\/v2\/product_tag?post=344265"}],"curies":[{"name":"wp","href":"https:\/\/api.w.org\/{rel}","templated":true}]}}