{"id":344260,"date":"2024-03-01T21:19:06","date_gmt":"2024-03-01T20:19:06","guid":{"rendered":"https:\/\/gajostest.a2hosted.com\/eshop\/alwar-navlek-paze-20x50cm-100ks-bal\/"},"modified":"2026-05-07T21:38:26","modified_gmt":"2026-05-07T19:38:26","slug":"alwar-navlek-paze-20x50cm-100ks-bal","status":"publish","type":"product","link":"https:\/\/gajos.sk\/eshop\/p\/alwar-navlek-paze-20x50cm-100ks-bal\/","title":{"rendered":"ALWAR n\u00e1vlek pa\u017ee 20x50cm 100ks\/bal"},"content":{"rendered":"","protected":false},"excerpt":{"rendered":"<p>Jednorazov\u00fd ochrann\u00fd n\u00e1vlek na pa\u017eu.<\/p>\n","protected":false},"featured_media":344262,"template":"","meta":{"_acf_changed":false,"inline_featured_image":false},"product_brand":[],"product_cat":[2175],"product_tag":[1179],"class_list":{"0":"post-344260","1":"product","2":"type-product","3":"status-publish","4":"has-post-thumbnail","6":"product_cat-produkty","7":"product_tag-cerva","8":"pa_farba-modra","9":"pa_farba-biela","11":"first","12":"instock","13":"taxable","14":"shipping-taxable","15":"purchasable","16":"product-type-variable"},"acf":[],"_links":{"self":[{"href":"https:\/\/gajos.sk\/eshop\/wp-json\/wp\/v2\/product\/344260","targetHints":{"allow":["GET"]}}],"collection":[{"href":"https:\/\/gajos.sk\/eshop\/wp-json\/wp\/v2\/product"}],"about":[{"href":"https:\/\/gajos.sk\/eshop\/wp-json\/wp\/v2\/types\/product"}],"wp:featuredmedia":[{"embeddable":true,"href":"https:\/\/gajos.sk\/eshop\/wp-json\/wp\/v2\/media\/344262"}],"wp:attachment":[{"href":"https:\/\/gajos.sk\/eshop\/wp-json\/wp\/v2\/media?parent=344260"}],"wp:term":[{"taxonomy":"product_brand","embeddable":true,"href":"https:\/\/gajos.sk\/eshop\/wp-json\/wp\/v2\/product_brand?post=344260"},{"taxonomy":"product_cat","embeddable":true,"href":"https:\/\/gajos.sk\/eshop\/wp-json\/wp\/v2\/product_cat?post=344260"},{"taxonomy":"product_tag","embeddable":true,"href":"https:\/\/gajos.sk\/eshop\/wp-json\/wp\/v2\/product_tag?post=344260"}],"curies":[{"name":"wp","href":"https:\/\/api.w.org\/{rel}","templated":true}]}}