{"id":344253,"date":"2024-03-01T21:19:03","date_gmt":"2024-03-01T20:19:03","guid":{"rendered":"https:\/\/gajostest.a2hosted.com\/eshop\/kraz-bamboo-ponozky\/"},"modified":"2026-05-07T21:38:26","modified_gmt":"2026-05-07T19:38:26","slug":"kraz-bamboo-ponozky","status":"publish","type":"product","link":"https:\/\/gajos.sk\/eshop\/p\/kraz-bamboo-ponozky\/","title":{"rendered":"KRAZ bamboo pono\u017eky"},"content":{"rendered":"","protected":false},"excerpt":{"rendered":"<p>univerz\u00e1lne pono\u017eky pre pracovn\u00e9 aj outdoorov\u00e9 vyu\u017eitie; v\u010faka pou\u017eit\u00e9mu materi\u00e1lu s vysokopercentn\u00fdm podielom pr\u00edrodn\u00e9ho bambusov\u00e9ho vl\u00e1kna zaist\u00ed ide\u00e1lny tepeln\u00fd komfort a pr\u00edjemn\u00e9 nosenie po cel\u00fd de\u0148; Logo \u201eC\u201c. Vhodn\u00e9 pre teplotn\u00fa triedu B (od 20 \u00b0C do -5 \u00b0C).<\/p>\n","protected":false},"featured_media":344255,"template":"","meta":{"_acf_changed":false,"inline_featured_image":false},"product_brand":[],"product_cat":[2121,2141,2140],"product_tag":[1179],"class_list":{"0":"post-344253","1":"product","2":"type-product","3":"status-publish","4":"has-post-thumbnail","6":"product_cat-odevy","7":"product_cat-ponozky","8":"product_cat-ostatne-odevy","9":"product_tag-cerva","10":"pa_farba-bezova","11":"pa_velkost-c-43","12":"pa_velkost-c-41","13":"pa_velkost-c-39","14":"pa_velkost-c-37","15":"pa_velkost-c-45","17":"first","18":"instock","19":"taxable","20":"shipping-taxable","21":"purchasable","22":"product-type-variable"},"acf":[],"_links":{"self":[{"href":"https:\/\/gajos.sk\/eshop\/wp-json\/wp\/v2\/product\/344253","targetHints":{"allow":["GET"]}}],"collection":[{"href":"https:\/\/gajos.sk\/eshop\/wp-json\/wp\/v2\/product"}],"about":[{"href":"https:\/\/gajos.sk\/eshop\/wp-json\/wp\/v2\/types\/product"}],"wp:featuredmedia":[{"embeddable":true,"href":"https:\/\/gajos.sk\/eshop\/wp-json\/wp\/v2\/media\/344255"}],"wp:attachment":[{"href":"https:\/\/gajos.sk\/eshop\/wp-json\/wp\/v2\/media?parent=344253"}],"wp:term":[{"taxonomy":"product_brand","embeddable":true,"href":"https:\/\/gajos.sk\/eshop\/wp-json\/wp\/v2\/product_brand?post=344253"},{"taxonomy":"product_cat","embeddable":true,"href":"https:\/\/gajos.sk\/eshop\/wp-json\/wp\/v2\/product_cat?post=344253"},{"taxonomy":"product_tag","embeddable":true,"href":"https:\/\/gajos.sk\/eshop\/wp-json\/wp\/v2\/product_tag?post=344253"}],"curies":[{"name":"wp","href":"https:\/\/api.w.org\/{rel}","templated":true}]}}