{"id":344246,"date":"2024-03-01T21:18:00","date_gmt":"2024-03-01T20:18:00","guid":{"rendered":"https:\/\/gajostest.a2hosted.com\/eshop\/keid-bamboo-light-ponozky\/"},"modified":"2026-05-07T21:38:26","modified_gmt":"2026-05-07T19:38:26","slug":"keid-bamboo-light-ponozky","status":"publish","type":"product","link":"https:\/\/gajos.sk\/eshop\/p\/keid-bamboo-light-ponozky\/","title":{"rendered":"KEID bamboo light pono\u017eky"},"content":{"rendered":"","protected":false},"excerpt":{"rendered":"<p>od\u013eah\u010den\u00e1 verzia pono\u017eiek s\u00a0vysok\u00fdm podielom bambusov\u00e9ho vl\u00e1kna, ktor\u00e9 zaistia ide\u00e1lny tepeln\u00fd komfort obzvl\u00e1\u0161\u0165 v\u00a0letn\u00fdch mesiacoch; vhodn\u00e9 pre pr\u00e1cu, \u0161port a outdoorov\u00e9 aktivity; Logo \u201eC\u201c. Vhodn\u00e9 pre teplotn\u00fa triedu A (od 35\u00b0C do 10\u00b0C).<\/p>\n","protected":false},"featured_media":344248,"template":"","meta":{"_acf_changed":false,"inline_featured_image":false},"product_brand":[],"product_cat":[2121,2141,2140],"product_tag":[1179],"class_list":{"0":"post-344246","1":"product","2":"type-product","3":"status-publish","4":"has-post-thumbnail","6":"product_cat-odevy","7":"product_cat-ponozky","8":"product_cat-ostatne-odevy","9":"product_tag-cerva","10":"pa_farba-biela-siva","11":"pa_velkost-c-45","12":"pa_velkost-c-43","13":"pa_velkost-c-41","14":"pa_velkost-c-39","15":"pa_velkost-c-37","17":"first","18":"instock","19":"taxable","20":"shipping-taxable","21":"purchasable","22":"product-type-variable"},"acf":[],"_links":{"self":[{"href":"https:\/\/gajos.sk\/eshop\/wp-json\/wp\/v2\/product\/344246","targetHints":{"allow":["GET"]}}],"collection":[{"href":"https:\/\/gajos.sk\/eshop\/wp-json\/wp\/v2\/product"}],"about":[{"href":"https:\/\/gajos.sk\/eshop\/wp-json\/wp\/v2\/types\/product"}],"wp:featuredmedia":[{"embeddable":true,"href":"https:\/\/gajos.sk\/eshop\/wp-json\/wp\/v2\/media\/344248"}],"wp:attachment":[{"href":"https:\/\/gajos.sk\/eshop\/wp-json\/wp\/v2\/media?parent=344246"}],"wp:term":[{"taxonomy":"product_brand","embeddable":true,"href":"https:\/\/gajos.sk\/eshop\/wp-json\/wp\/v2\/product_brand?post=344246"},{"taxonomy":"product_cat","embeddable":true,"href":"https:\/\/gajos.sk\/eshop\/wp-json\/wp\/v2\/product_cat?post=344246"},{"taxonomy":"product_tag","embeddable":true,"href":"https:\/\/gajos.sk\/eshop\/wp-json\/wp\/v2\/product_tag?post=344246"}],"curies":[{"name":"wp","href":"https:\/\/api.w.org\/{rel}","templated":true}]}}