{"id":344073,"date":"2024-03-01T21:15:55","date_gmt":"2024-03-01T20:15:55","guid":{"rendered":"https:\/\/gajostest.a2hosted.com\/eshop\/melnick-ponozky\/"},"modified":"2026-04-25T21:46:07","modified_gmt":"2026-04-25T19:46:07","slug":"melnick-ponozky","status":"publish","type":"product","link":"https:\/\/gajos.sk\/eshop\/p\/melnick-ponozky\/","title":{"rendered":"MELNICK pono\u017eky"},"content":{"rendered":"","protected":false},"excerpt":{"rendered":"<p>\u0160peci\u00e1lne pono\u017eky vytvoren\u00e9 do n\u00e1ro\u010dn\u00e9ho pracovn\u00e9ho prostredia, ktor\u00e9 s\u00fa z\u00e1rove\u0148 vhodn\u00e9 aj na \u0161portov\u00e9 aktivity. Pou\u017eit\u00edm vl\u00e1kna z merino vlny zaru\u010duj\u00fa ide\u00e1lny tepeln\u00fd komfort a ochranu nohy i v extr\u00e9mne nepriaznivom po\u010das\u00ed. Vlastnosti: maxim\u00e1lny tepeln\u00fd komfort v\u010faka merino vlne, elastick\u00e1 band\u00e1\u017e zabra\u0148uj\u00faca posunu pono\u017eky v top\u00e1nke, m\u00e4kko podlo\u017een\u00e9 z\u00f3ny obmedzuj\u00face vznik otlakov a p\u013euzgierov, pohodln\u00fd lem, ktor\u00fd ne\u0161krt\u00ed, ide\u00e1lny odvod potu, antibakteri\u00e1lna ochrana, spevnen\u00e1 vrstva frot\u00e9 v chodidle,ve\u013emi jemn\u00e9 pre\u0161itie \u0161pice.<\/p>\n","protected":false},"featured_media":344075,"template":"","meta":{"_acf_changed":false,"inline_featured_image":false},"product_brand":[],"product_cat":[2121,2141,2140],"product_tag":[1244],"class_list":{"0":"post-344073","1":"product","2":"type-product","3":"status-publish","4":"has-post-thumbnail","6":"product_cat-odevy","7":"product_cat-ponozky","8":"product_cat-ostatne-odevy","9":"product_tag-crv","10":"pa_farba-modra","11":"pa_farba-cervena","12":"pa_velkost-c-47","13":"pa_velkost-c-45","14":"pa_velkost-c-43","15":"pa_velkost-c-41","16":"pa_velkost-c-39","17":"pa_velkost-c-35","18":"pa_velkost-c-37","20":"first","21":"instock","22":"taxable","23":"shipping-taxable","24":"purchasable","25":"product-type-variable"},"acf":[],"_links":{"self":[{"href":"https:\/\/gajos.sk\/eshop\/wp-json\/wp\/v2\/product\/344073","targetHints":{"allow":["GET"]}}],"collection":[{"href":"https:\/\/gajos.sk\/eshop\/wp-json\/wp\/v2\/product"}],"about":[{"href":"https:\/\/gajos.sk\/eshop\/wp-json\/wp\/v2\/types\/product"}],"wp:featuredmedia":[{"embeddable":true,"href":"https:\/\/gajos.sk\/eshop\/wp-json\/wp\/v2\/media\/344075"}],"wp:attachment":[{"href":"https:\/\/gajos.sk\/eshop\/wp-json\/wp\/v2\/media?parent=344073"}],"wp:term":[{"taxonomy":"product_brand","embeddable":true,"href":"https:\/\/gajos.sk\/eshop\/wp-json\/wp\/v2\/product_brand?post=344073"},{"taxonomy":"product_cat","embeddable":true,"href":"https:\/\/gajos.sk\/eshop\/wp-json\/wp\/v2\/product_cat?post=344073"},{"taxonomy":"product_tag","embeddable":true,"href":"https:\/\/gajos.sk\/eshop\/wp-json\/wp\/v2\/product_tag?post=344073"}],"curies":[{"name":"wp","href":"https:\/\/api.w.org\/{rel}","templated":true}]}}