{"id":344006,"date":"2024-03-01T21:15:29","date_gmt":"2024-03-01T20:15:29","guid":{"rendered":"https:\/\/gajostest.a2hosted.com\/eshop\/nadlat-ponozky\/"},"modified":"2026-04-25T21:46:06","modified_gmt":"2026-04-25T19:46:06","slug":"nadlat-ponozky","status":"publish","type":"product","link":"https:\/\/gajos.sk\/eshop\/p\/nadlat-ponozky\/","title":{"rendered":"NADLAT pono\u017eky"},"content":{"rendered":"","protected":false},"excerpt":{"rendered":"<p>\u0160peci\u00e1lne pono\u017eky vytvoren\u00e9 do n\u00e1ro\u010dn\u00e9ho pracovn\u00e9ho prostredia. Zaru\u010duj\u00fa: &#8211; maxim\u00e1lne pohodln\u00fd ne\u0161krtiaci lem &#8211; maxim\u00e1lnu ochranu nohy pred extr\u00e9mnou pracovnou z\u00e1\u0165a\u017eou &#8211; ide\u00e1lny odvod potu &#8211; dokonal\u00fa tepeln\u00fa izol\u00e1ciu &#8211; komfort nosenia vzh\u013eadom na zosilnen\u00fa vrstvu frot\u00e9 v chodidle.<\/p>\n","protected":false},"featured_media":344008,"template":"","meta":{"_acf_changed":false,"inline_featured_image":false},"product_brand":[],"product_cat":[2121,2141,2140],"product_tag":[1244],"class_list":{"0":"post-344006","1":"product","2":"type-product","3":"status-publish","4":"has-post-thumbnail","6":"product_cat-odevy","7":"product_cat-ponozky","8":"product_cat-ostatne-odevy","9":"product_tag-crv","10":"pa_farba-cierna","11":"pa_velkost-c-45","12":"pa_velkost-c-43","13":"pa_velkost-c-41","14":"pa_velkost-c-39","16":"first","17":"instock","18":"taxable","19":"shipping-taxable","20":"purchasable","21":"product-type-variable"},"acf":[],"_links":{"self":[{"href":"https:\/\/gajos.sk\/eshop\/wp-json\/wp\/v2\/product\/344006","targetHints":{"allow":["GET"]}}],"collection":[{"href":"https:\/\/gajos.sk\/eshop\/wp-json\/wp\/v2\/product"}],"about":[{"href":"https:\/\/gajos.sk\/eshop\/wp-json\/wp\/v2\/types\/product"}],"wp:featuredmedia":[{"embeddable":true,"href":"https:\/\/gajos.sk\/eshop\/wp-json\/wp\/v2\/media\/344008"}],"wp:attachment":[{"href":"https:\/\/gajos.sk\/eshop\/wp-json\/wp\/v2\/media?parent=344006"}],"wp:term":[{"taxonomy":"product_brand","embeddable":true,"href":"https:\/\/gajos.sk\/eshop\/wp-json\/wp\/v2\/product_brand?post=344006"},{"taxonomy":"product_cat","embeddable":true,"href":"https:\/\/gajos.sk\/eshop\/wp-json\/wp\/v2\/product_cat?post=344006"},{"taxonomy":"product_tag","embeddable":true,"href":"https:\/\/gajos.sk\/eshop\/wp-json\/wp\/v2\/product_tag?post=344006"}],"curies":[{"name":"wp","href":"https:\/\/api.w.org\/{rel}","templated":true}]}}