{"id":343973,"date":"2024-03-01T21:15:16","date_gmt":"2024-03-01T20:15:16","guid":{"rendered":"https:\/\/gajostest.a2hosted.com\/eshop\/ff-marx-be-07-001-kombineza\/"},"modified":"2026-04-15T21:42:43","modified_gmt":"2026-04-15T19:42:43","slug":"ff-marx-be-07-001-kombineza","status":"publish","type":"product","link":"https:\/\/gajos.sk\/eshop\/p\/ff-marx-be-07-001-kombineza\/","title":{"rendered":"FF MARX BE-07-001 kombin\u00e9za"},"content":{"rendered":"","protected":false},"excerpt":{"rendered":"<p>jednorazov\u00e1 ochrann\u00e1 kombin\u00e9za s kapuc\u0148ou<\/p>\n","protected":false},"featured_media":343975,"template":"","meta":{"_acf_changed":false,"inline_featured_image":false},"product_brand":[],"product_cat":[2136,2121,2126],"product_tag":[1228],"class_list":{"0":"post-343973","1":"product","2":"type-product","3":"status-publish","4":"has-post-thumbnail","6":"product_cat-kombinezy","7":"product_cat-odevy","8":"product_cat-nohavice-a-overaly","9":"product_tag-fridrich-fridrich","10":"pa_farba-biela","11":"pa_velkost-xl","12":"pa_velkost-l","13":"pa_velkost-m","14":"pa_velkost-xxl","16":"first","17":"instock","18":"taxable","19":"shipping-taxable","20":"purchasable","21":"product-type-variable"},"acf":[],"_links":{"self":[{"href":"https:\/\/gajos.sk\/eshop\/wp-json\/wp\/v2\/product\/343973","targetHints":{"allow":["GET"]}}],"collection":[{"href":"https:\/\/gajos.sk\/eshop\/wp-json\/wp\/v2\/product"}],"about":[{"href":"https:\/\/gajos.sk\/eshop\/wp-json\/wp\/v2\/types\/product"}],"wp:featuredmedia":[{"embeddable":true,"href":"https:\/\/gajos.sk\/eshop\/wp-json\/wp\/v2\/media\/343975"}],"wp:attachment":[{"href":"https:\/\/gajos.sk\/eshop\/wp-json\/wp\/v2\/media?parent=343973"}],"wp:term":[{"taxonomy":"product_brand","embeddable":true,"href":"https:\/\/gajos.sk\/eshop\/wp-json\/wp\/v2\/product_brand?post=343973"},{"taxonomy":"product_cat","embeddable":true,"href":"https:\/\/gajos.sk\/eshop\/wp-json\/wp\/v2\/product_cat?post=343973"},{"taxonomy":"product_tag","embeddable":true,"href":"https:\/\/gajos.sk\/eshop\/wp-json\/wp\/v2\/product_tag?post=343973"}],"curies":[{"name":"wp","href":"https:\/\/api.w.org\/{rel}","templated":true}]}}