{"id":343967,"date":"2024-03-01T21:15:13","date_gmt":"2024-03-01T20:15:13","guid":{"rendered":"https:\/\/gajostest.a2hosted.com\/eshop\/chemsafe-shield-overal\/"},"modified":"2026-05-07T21:38:25","modified_gmt":"2026-05-07T19:38:25","slug":"chemsafe-shield-overal","status":"publish","type":"product","link":"https:\/\/gajos.sk\/eshop\/p\/chemsafe-shield-overal\/","title":{"rendered":"CHEMSAFE SHIELD overal"},"content":{"rendered":"","protected":false},"excerpt":{"rendered":"<p>ochrann\u00e1 antistatick\u00e1 kombin\u00e9za s kapuc\u0148ou s nepriepustnou ochrannou vrstvou; vyroben\u00e1 zo 100% polypropyl\u00e9nu s polyethylenovou vrstvou; prelepen\u00e9 \u0161vy, samolepiaca klopa na zips; gumi\u010dkou s\u0165ahovate\u013en\u00e9 ruk\u00e1vy a nohavice; na konci man\u017eiet s\u00fa umiestnen\u00e9 p\u00fatka na palce, aby ruk\u00e1vy v\u017edy perfektne sedeli na ruk\u00e1ch<\/p>\n","protected":false},"featured_media":343969,"template":"","meta":{"_acf_changed":false,"inline_featured_image":false},"product_brand":[],"product_cat":[2175],"product_tag":[1179],"class_list":{"0":"post-343967","1":"product","2":"type-product","3":"status-publish","4":"has-post-thumbnail","6":"product_cat-produkty","7":"product_tag-cerva","8":"pa_farba-zlta","9":"pa_velkost-xxl","10":"pa_velkost-xl","11":"pa_velkost-l","12":"pa_velkost-m","14":"first","15":"instock","16":"taxable","17":"shipping-taxable","18":"purchasable","19":"product-type-variable"},"acf":[],"_links":{"self":[{"href":"https:\/\/gajos.sk\/eshop\/wp-json\/wp\/v2\/product\/343967","targetHints":{"allow":["GET"]}}],"collection":[{"href":"https:\/\/gajos.sk\/eshop\/wp-json\/wp\/v2\/product"}],"about":[{"href":"https:\/\/gajos.sk\/eshop\/wp-json\/wp\/v2\/types\/product"}],"wp:featuredmedia":[{"embeddable":true,"href":"https:\/\/gajos.sk\/eshop\/wp-json\/wp\/v2\/media\/343969"}],"wp:attachment":[{"href":"https:\/\/gajos.sk\/eshop\/wp-json\/wp\/v2\/media?parent=343967"}],"wp:term":[{"taxonomy":"product_brand","embeddable":true,"href":"https:\/\/gajos.sk\/eshop\/wp-json\/wp\/v2\/product_brand?post=343967"},{"taxonomy":"product_cat","embeddable":true,"href":"https:\/\/gajos.sk\/eshop\/wp-json\/wp\/v2\/product_cat?post=343967"},{"taxonomy":"product_tag","embeddable":true,"href":"https:\/\/gajos.sk\/eshop\/wp-json\/wp\/v2\/product_tag?post=343967"}],"curies":[{"name":"wp","href":"https:\/\/api.w.org\/{rel}","templated":true}]}}