{"id":343956,"date":"2024-03-01T21:15:08","date_gmt":"2024-03-01T20:15:08","guid":{"rendered":"https:\/\/gajostest.a2hosted.com\/eshop\/zurich-kombineza\/"},"modified":"2026-04-15T21:42:42","modified_gmt":"2026-04-15T19:42:42","slug":"zurich-kombineza","status":"publish","type":"product","link":"https:\/\/gajos.sk\/eshop\/p\/zurich-kombineza\/","title":{"rendered":"Zurich kombin\u00e9za"},"content":{"rendered":"","protected":false},"excerpt":{"rendered":"<p>nehor\u013eav\u00fd a antistatick\u00fd overal so zap\u00ednan\u00edm na zips kryt\u00fdm zdvojen\u00fa chlop\u0148u na cvoky; ochrana proti chemik\u00e1li\u00e1m, olejom a tukom; pevn\u00e1 kapuc\u0148a s vn\u00fatornou elastickou obrubou; elastick\u00e9 vn\u00fatorn\u00e9 ruk\u00e1vy a konce nohav\u00edc; zosilnen\u00e1 oblas\u0165 kolien.<\/p>\n","protected":false},"featured_media":343958,"template":"","meta":{"_acf_changed":false,"inline_featured_image":false},"product_brand":[],"product_cat":[2136,2121,2126],"product_tag":[1238],"class_list":{"0":"post-343956","1":"product","2":"type-product","3":"status-publish","4":"has-post-thumbnail","6":"product_cat-kombinezy","7":"product_cat-odevy","8":"product_cat-nohavice-a-overaly","9":"product_tag-sioen","10":"pa_farba-zelena","11":"pa_velkost-l","13":"first","14":"instock","15":"taxable","16":"shipping-taxable","17":"product-type-variable"},"acf":[],"_links":{"self":[{"href":"https:\/\/gajos.sk\/eshop\/wp-json\/wp\/v2\/product\/343956","targetHints":{"allow":["GET"]}}],"collection":[{"href":"https:\/\/gajos.sk\/eshop\/wp-json\/wp\/v2\/product"}],"about":[{"href":"https:\/\/gajos.sk\/eshop\/wp-json\/wp\/v2\/types\/product"}],"wp:featuredmedia":[{"embeddable":true,"href":"https:\/\/gajos.sk\/eshop\/wp-json\/wp\/v2\/media\/343958"}],"wp:attachment":[{"href":"https:\/\/gajos.sk\/eshop\/wp-json\/wp\/v2\/media?parent=343956"}],"wp:term":[{"taxonomy":"product_brand","embeddable":true,"href":"https:\/\/gajos.sk\/eshop\/wp-json\/wp\/v2\/product_brand?post=343956"},{"taxonomy":"product_cat","embeddable":true,"href":"https:\/\/gajos.sk\/eshop\/wp-json\/wp\/v2\/product_cat?post=343956"},{"taxonomy":"product_tag","embeddable":true,"href":"https:\/\/gajos.sk\/eshop\/wp-json\/wp\/v2\/product_tag?post=343956"}],"curies":[{"name":"wp","href":"https:\/\/api.w.org\/{rel}","templated":true}]}}