{"id":343904,"date":"2024-03-01T21:13:46","date_gmt":"2024-03-01T20:13:46","guid":{"rendered":"https:\/\/gajostest.a2hosted.com\/eshop\/tyvek-800-j\/"},"modified":"2026-05-07T21:38:25","modified_gmt":"2026-05-07T19:38:25","slug":"tyvek-800-j","status":"publish","type":"product","link":"https:\/\/gajos.sk\/eshop\/p\/tyvek-800-j\/","title":{"rendered":"Tyvek 800 J"},"content":{"rendered":"","protected":false},"excerpt":{"rendered":"<p>Chemick\u00fd ochrann\u00fd odev typu 3*, ktor\u00fd kombinuje odolnos\u0165 vo\u010di vodou riedite\u013en\u00fdm kvapalin\u00e1m pod tlakom s priedu\u0161nos\u0165ou, trvanlivos\u0165ou a vo\u013enos\u0165ou pohybu. Kombin\u00e9za s trojdielnou kapuc\u0148ou. \u0160it\u00e9 a prelepen\u00e9 \u0161vy. Palcov\u00e9 p\u00fatka. Elastick\u00e9 lemy man\u017eiet, nohav\u00edc a kapucne. Elastick\u00fd prvok v p\u00e1se. Zips Tyvek\u00ae. Samolepiaca pr\u00edklopka zipsu a brady. Antistatick\u00e1 \u00faprava vn\u00fatornej strany. *K dosiahnutiu tesnosti typu 3 je potrebn\u00e9 dodato\u010dn\u00e9 prelepenie man\u017eiet, koncov nohav\u00edc, lemu kapucne a pr\u00edklopky zipsu.<\/p>\n","protected":false},"featured_media":343906,"template":"","meta":{"_acf_changed":false,"inline_featured_image":false},"product_brand":[],"product_cat":[2175],"product_tag":[1206],"class_list":{"0":"post-343904","1":"product","2":"type-product","3":"status-publish","4":"has-post-thumbnail","6":"product_cat-produkty","7":"product_tag-dupont","8":"pa_farba-biela","9":"pa_velkost-3xl","10":"pa_velkost-xxl","11":"pa_velkost-xl","12":"pa_velkost-l","13":"pa_velkost-m","14":"pa_velkost-s","16":"first","17":"instock","18":"taxable","19":"shipping-taxable","20":"purchasable","21":"product-type-variable"},"acf":[],"_links":{"self":[{"href":"https:\/\/gajos.sk\/eshop\/wp-json\/wp\/v2\/product\/343904","targetHints":{"allow":["GET"]}}],"collection":[{"href":"https:\/\/gajos.sk\/eshop\/wp-json\/wp\/v2\/product"}],"about":[{"href":"https:\/\/gajos.sk\/eshop\/wp-json\/wp\/v2\/types\/product"}],"wp:featuredmedia":[{"embeddable":true,"href":"https:\/\/gajos.sk\/eshop\/wp-json\/wp\/v2\/media\/343906"}],"wp:attachment":[{"href":"https:\/\/gajos.sk\/eshop\/wp-json\/wp\/v2\/media?parent=343904"}],"wp:term":[{"taxonomy":"product_brand","embeddable":true,"href":"https:\/\/gajos.sk\/eshop\/wp-json\/wp\/v2\/product_brand?post=343904"},{"taxonomy":"product_cat","embeddable":true,"href":"https:\/\/gajos.sk\/eshop\/wp-json\/wp\/v2\/product_cat?post=343904"},{"taxonomy":"product_tag","embeddable":true,"href":"https:\/\/gajos.sk\/eshop\/wp-json\/wp\/v2\/product_tag?post=343904"}],"curies":[{"name":"wp","href":"https:\/\/api.w.org\/{rel}","templated":true}]}}