{"id":343864,"date":"2024-03-01T21:13:30","date_gmt":"2024-03-01T20:13:30","guid":{"rendered":"https:\/\/gajostest.a2hosted.com\/eshop\/dupont-chf5-cerva\/"},"modified":"2026-05-07T21:36:33","modified_gmt":"2026-05-07T19:36:33","slug":"dupont-chf5-cerva","status":"publish","type":"product","link":"https:\/\/gajos.sk\/eshop\/p\/dupont-chf5-cerva\/","title":{"rendered":"DuPont CHF5 CERVA"},"content":{"rendered":"","protected":false},"excerpt":{"rendered":"<p>TYPICK\u00c9 OBLASTI POU\u017dITIA: Ochrann\u00fd oblek CERVA, model CHF5 je ur\u010den\u00fd na ochranu pracovn\u00edkov pred nebezpe\u010dn\u00fdmi l\u00e1tkami, na ochranu citliv\u00fdch produktov pred kontamin\u00e1ciou \u010dlovekom, v z\u00e1vislosti na chemickej toxicit a podmienkach, ktor\u00fdm s\u00fa vystaven\u00e9. Na ochranu proti \u010dasticiam (typ 5) a obmedzen\u00e9mu rozstreku kvapal\u00edn (typ 6).<\/p>\n","protected":false},"featured_media":343866,"template":"","meta":{"_acf_changed":false,"inline_featured_image":false},"product_brand":[],"product_cat":[2175],"product_tag":[1179],"class_list":{"0":"post-343864","1":"product","2":"type-product","3":"status-publish","4":"has-post-thumbnail","6":"product_cat-produkty","7":"product_tag-cerva","8":"pa_farba-biela","9":"pa_velkost-xl","10":"pa_velkost-l","11":"pa_velkost-m","12":"pa_velkost-3xl","13":"pa_velkost-xxl","15":"first","16":"instock","17":"taxable","18":"shipping-taxable","19":"purchasable","20":"product-type-variable"},"acf":[],"_links":{"self":[{"href":"https:\/\/gajos.sk\/eshop\/wp-json\/wp\/v2\/product\/343864","targetHints":{"allow":["GET"]}}],"collection":[{"href":"https:\/\/gajos.sk\/eshop\/wp-json\/wp\/v2\/product"}],"about":[{"href":"https:\/\/gajos.sk\/eshop\/wp-json\/wp\/v2\/types\/product"}],"wp:featuredmedia":[{"embeddable":true,"href":"https:\/\/gajos.sk\/eshop\/wp-json\/wp\/v2\/media\/343866"}],"wp:attachment":[{"href":"https:\/\/gajos.sk\/eshop\/wp-json\/wp\/v2\/media?parent=343864"}],"wp:term":[{"taxonomy":"product_brand","embeddable":true,"href":"https:\/\/gajos.sk\/eshop\/wp-json\/wp\/v2\/product_brand?post=343864"},{"taxonomy":"product_cat","embeddable":true,"href":"https:\/\/gajos.sk\/eshop\/wp-json\/wp\/v2\/product_cat?post=343864"},{"taxonomy":"product_tag","embeddable":true,"href":"https:\/\/gajos.sk\/eshop\/wp-json\/wp\/v2\/product_tag?post=343864"}],"curies":[{"name":"wp","href":"https:\/\/api.w.org\/{rel}","templated":true}]}}