{"id":343807,"date":"2024-03-01T21:13:03","date_gmt":"2024-03-01T20:13:03","guid":{"rendered":"https:\/\/gajostest.a2hosted.com\/eshop\/tyvek-400-dual-overal\/"},"modified":"2026-05-07T21:36:33","modified_gmt":"2026-05-07T19:36:33","slug":"tyvek-400-dual-overal","status":"publish","type":"product","link":"https:\/\/gajos.sk\/eshop\/p\/tyvek-400-dual-overal\/","title":{"rendered":"Tyvek 400 Dual overal"},"content":{"rendered":"","protected":false},"excerpt":{"rendered":"<p>Antistatick\u00e1 kombin\u00e9za so zadnou priedu\u0161nou stranou, vhodn\u00e1 na pou\u017eitie v hor\u00facich prev\u00e1dzkach, pri br\u00fasen\u00ed, lamin\u00e1cii, lakovan\u00ed, zlievan\u00ed \u010di v\u00fdrobe skla a keramiky.<\/p>\n","protected":false},"featured_media":343809,"template":"","meta":{"_acf_changed":false,"inline_featured_image":false},"product_brand":[],"product_cat":[2175],"product_tag":[1206],"class_list":{"0":"post-343807","1":"product","2":"type-product","3":"status-publish","4":"has-post-thumbnail","6":"product_cat-produkty","7":"product_tag-dupont","8":"pa_farba-biela","9":"pa_velkost-s","10":"pa_velkost-xxl","11":"pa_velkost-xl","12":"pa_velkost-l","13":"pa_velkost-m","15":"first","16":"instock","17":"taxable","18":"shipping-taxable","19":"purchasable","20":"product-type-variable"},"acf":[],"_links":{"self":[{"href":"https:\/\/gajos.sk\/eshop\/wp-json\/wp\/v2\/product\/343807","targetHints":{"allow":["GET"]}}],"collection":[{"href":"https:\/\/gajos.sk\/eshop\/wp-json\/wp\/v2\/product"}],"about":[{"href":"https:\/\/gajos.sk\/eshop\/wp-json\/wp\/v2\/types\/product"}],"wp:featuredmedia":[{"embeddable":true,"href":"https:\/\/gajos.sk\/eshop\/wp-json\/wp\/v2\/media\/343809"}],"wp:attachment":[{"href":"https:\/\/gajos.sk\/eshop\/wp-json\/wp\/v2\/media?parent=343807"}],"wp:term":[{"taxonomy":"product_brand","embeddable":true,"href":"https:\/\/gajos.sk\/eshop\/wp-json\/wp\/v2\/product_brand?post=343807"},{"taxonomy":"product_cat","embeddable":true,"href":"https:\/\/gajos.sk\/eshop\/wp-json\/wp\/v2\/product_cat?post=343807"},{"taxonomy":"product_tag","embeddable":true,"href":"https:\/\/gajos.sk\/eshop\/wp-json\/wp\/v2\/product_tag?post=343807"}],"curies":[{"name":"wp","href":"https:\/\/api.w.org\/{rel}","templated":true}]}}