{"id":343728,"date":"2024-03-01T21:11:19","date_gmt":"2024-03-01T20:11:19","guid":{"rendered":"https:\/\/gajostest.a2hosted.com\/eshop\/minto-kombineza-jednoraz\/"},"modified":"2026-05-07T21:36:33","modified_gmt":"2026-05-07T19:36:33","slug":"minto-kombineza-jednoraz","status":"publish","type":"product","link":"https:\/\/gajos.sk\/eshop\/p\/minto-kombineza-jednoraz\/","title":{"rendered":"MINTO kombin\u00e9za jednoraz."},"content":{"rendered":"","protected":false},"excerpt":{"rendered":"<p>Jednorazov\u00e1 ochrann\u00e1 kombin\u00e9za s kapuc\u0148ou.<\/p>\n","protected":false},"featured_media":343730,"template":"","meta":{"_acf_changed":false,"inline_featured_image":false},"product_brand":[],"product_cat":[2175],"product_tag":[1179],"class_list":{"0":"post-343728","1":"product","2":"type-product","3":"status-publish","4":"has-post-thumbnail","6":"product_cat-produkty","7":"product_tag-cerva","8":"pa_farba-biela","9":"pa_velkost-3xl","10":"pa_velkost-xxl","11":"pa_velkost-xl","12":"pa_velkost-l","13":"pa_velkost-m","15":"first","16":"instock","17":"taxable","18":"shipping-taxable","19":"purchasable","20":"product-type-variable"},"acf":[],"_links":{"self":[{"href":"https:\/\/gajos.sk\/eshop\/wp-json\/wp\/v2\/product\/343728","targetHints":{"allow":["GET"]}}],"collection":[{"href":"https:\/\/gajos.sk\/eshop\/wp-json\/wp\/v2\/product"}],"about":[{"href":"https:\/\/gajos.sk\/eshop\/wp-json\/wp\/v2\/types\/product"}],"wp:featuredmedia":[{"embeddable":true,"href":"https:\/\/gajos.sk\/eshop\/wp-json\/wp\/v2\/media\/343730"}],"wp:attachment":[{"href":"https:\/\/gajos.sk\/eshop\/wp-json\/wp\/v2\/media?parent=343728"}],"wp:term":[{"taxonomy":"product_brand","embeddable":true,"href":"https:\/\/gajos.sk\/eshop\/wp-json\/wp\/v2\/product_brand?post=343728"},{"taxonomy":"product_cat","embeddable":true,"href":"https:\/\/gajos.sk\/eshop\/wp-json\/wp\/v2\/product_cat?post=343728"},{"taxonomy":"product_tag","embeddable":true,"href":"https:\/\/gajos.sk\/eshop\/wp-json\/wp\/v2\/product_tag?post=343728"}],"curies":[{"name":"wp","href":"https:\/\/api.w.org\/{rel}","templated":true}]}}