{"id":343690,"date":"2024-03-01T21:11:04","date_gmt":"2024-03-01T20:11:04","guid":{"rendered":"https:\/\/gajostest.a2hosted.com\/eshop\/tyvek-600-plus-overal\/"},"modified":"2026-05-07T21:36:33","modified_gmt":"2026-05-07T19:36:33","slug":"tyvek-600-plus-overal","status":"publish","type":"product","link":"https:\/\/gajos.sk\/eshop\/p\/tyvek-600-plus-overal\/","title":{"rendered":"Tyvek 600 Plus overal"},"content":{"rendered":"","protected":false},"excerpt":{"rendered":"<p>Antistatick\u00e1 vodeodoln\u00e1 kombin\u00e9za Tyvek Classic Plus (DuPont) s kapuc\u0148ou a prelepen\u00fdmi \u0161vami, odoln\u00e1 roztokom chemik\u00e1li\u00ed, azbestu a prachu, patr\u00ed do kateg\u00f3rie CE III, typ 4, 5 a 6.<\/p>\n","protected":false},"featured_media":343692,"template":"","meta":{"_acf_changed":false,"inline_featured_image":false},"product_brand":[],"product_cat":[2175],"product_tag":[1206],"class_list":{"0":"post-343690","1":"product","2":"type-product","3":"status-publish","4":"has-post-thumbnail","6":"product_cat-produkty","7":"product_tag-dupont","8":"pa_farba-biela","9":"pa_velkost-xl","10":"pa_velkost-l","11":"pa_velkost-m","12":"pa_velkost-s","13":"pa_velkost-3xl","14":"pa_velkost-xxl","16":"first","17":"instock","18":"taxable","19":"shipping-taxable","20":"purchasable","21":"product-type-variable"},"acf":[],"_links":{"self":[{"href":"https:\/\/gajos.sk\/eshop\/wp-json\/wp\/v2\/product\/343690","targetHints":{"allow":["GET"]}}],"collection":[{"href":"https:\/\/gajos.sk\/eshop\/wp-json\/wp\/v2\/product"}],"about":[{"href":"https:\/\/gajos.sk\/eshop\/wp-json\/wp\/v2\/types\/product"}],"wp:featuredmedia":[{"embeddable":true,"href":"https:\/\/gajos.sk\/eshop\/wp-json\/wp\/v2\/media\/343692"}],"wp:attachment":[{"href":"https:\/\/gajos.sk\/eshop\/wp-json\/wp\/v2\/media?parent=343690"}],"wp:term":[{"taxonomy":"product_brand","embeddable":true,"href":"https:\/\/gajos.sk\/eshop\/wp-json\/wp\/v2\/product_brand?post=343690"},{"taxonomy":"product_cat","embeddable":true,"href":"https:\/\/gajos.sk\/eshop\/wp-json\/wp\/v2\/product_cat?post=343690"},{"taxonomy":"product_tag","embeddable":true,"href":"https:\/\/gajos.sk\/eshop\/wp-json\/wp\/v2\/product_tag?post=343690"}],"curies":[{"name":"wp","href":"https:\/\/api.w.org\/{rel}","templated":true}]}}