{"id":343678,"date":"2024-03-01T21:09:56","date_gmt":"2024-03-01T20:09:56","guid":{"rendered":"https:\/\/gajostest.a2hosted.com\/eshop\/tyvek-500-industry-overal\/"},"modified":"2026-05-07T21:36:33","modified_gmt":"2026-05-07T19:36:33","slug":"tyvek-500-industry-overal","status":"publish","type":"product","link":"https:\/\/gajos.sk\/eshop\/p\/tyvek-500-industry-overal\/","title":{"rendered":"Tyvek 500 Industry overal"},"content":{"rendered":"","protected":false},"excerpt":{"rendered":"<p>Antistatick\u00e1 vodeodoln\u00e1 kombin\u00e9za Tyvek Industry (DuPont) s golierikom, odoln\u00e1 roztokom chemik\u00e1li\u00ed, azbestu a prachu.<\/p>\n","protected":false},"featured_media":343680,"template":"","meta":{"_acf_changed":false,"inline_featured_image":false},"product_brand":[],"product_cat":[2175],"product_tag":[1206],"class_list":{"0":"post-343678","1":"product","2":"type-product","3":"status-publish","4":"has-post-thumbnail","6":"product_cat-produkty","7":"product_tag-dupont","8":"pa_farba-biela","9":"pa_velkost-s","10":"pa_velkost-xxl","11":"pa_velkost-xl","12":"pa_velkost-l","13":"pa_velkost-m","15":"first","16":"instock","17":"taxable","18":"shipping-taxable","19":"purchasable","20":"product-type-variable"},"acf":[],"_links":{"self":[{"href":"https:\/\/gajos.sk\/eshop\/wp-json\/wp\/v2\/product\/343678","targetHints":{"allow":["GET"]}}],"collection":[{"href":"https:\/\/gajos.sk\/eshop\/wp-json\/wp\/v2\/product"}],"about":[{"href":"https:\/\/gajos.sk\/eshop\/wp-json\/wp\/v2\/types\/product"}],"wp:featuredmedia":[{"embeddable":true,"href":"https:\/\/gajos.sk\/eshop\/wp-json\/wp\/v2\/media\/343680"}],"wp:attachment":[{"href":"https:\/\/gajos.sk\/eshop\/wp-json\/wp\/v2\/media?parent=343678"}],"wp:term":[{"taxonomy":"product_brand","embeddable":true,"href":"https:\/\/gajos.sk\/eshop\/wp-json\/wp\/v2\/product_brand?post=343678"},{"taxonomy":"product_cat","embeddable":true,"href":"https:\/\/gajos.sk\/eshop\/wp-json\/wp\/v2\/product_cat?post=343678"},{"taxonomy":"product_tag","embeddable":true,"href":"https:\/\/gajos.sk\/eshop\/wp-json\/wp\/v2\/product_tag?post=343678"}],"curies":[{"name":"wp","href":"https:\/\/api.w.org\/{rel}","templated":true}]}}