{"id":343666,"date":"2024-03-01T21:09:52","date_gmt":"2024-03-01T20:09:52","guid":{"rendered":"https:\/\/gajostest.a2hosted.com\/eshop\/tyvek-500-xpert-overal\/"},"modified":"2026-05-07T21:36:33","modified_gmt":"2026-05-07T19:36:33","slug":"tyvek-500-xpert-overal","status":"publish","type":"product","link":"https:\/\/gajos.sk\/eshop\/p\/tyvek-500-xpert-overal\/","title":{"rendered":"Tyvek 500 Xpert overal"},"content":{"rendered":"","protected":false},"excerpt":{"rendered":"<p>NOVINKA! Antistatick\u00e1 vodeodoln\u00e1 kombin\u00e9za Tyvek Classic (DuPont) s kapuc\u0148ou, odoln\u00e1 vo\u010di chemik\u00e1li\u00e1m, azbestu a prachu, vonkaj\u0161ie \u0161it\u00e9 \u0161vy, trojdielna pru\u017en\u00e1 kapuc\u0148a, zips Tyvek s pr\u00edklopkou, elastick\u00e9 man\u017eety, p\u00e1s a \u010dlenky. NOV\u00dd ergonomick\u00fd dizajn pre lep\u0161ie prisp\u00f4sobenie sa postave a vo\u013enos\u0165 pohybu, nov\u00fd dizajn kapucne kop\u00edruj\u00faci tvar hlavy a ruk\u00e1vy, ktor\u00e9 sa nevyh\u0155\u0148aj\u00fa. Nov\u00e1 technol\u00f3gia \u0161vov. Inovovan\u00e9 modern\u00e9 balenie.<\/p>\n","protected":false},"featured_media":343668,"template":"","meta":{"_acf_changed":false,"inline_featured_image":false},"product_brand":[],"product_cat":[2175],"product_tag":[1206],"class_list":{"0":"post-343666","1":"product","2":"type-product","3":"status-publish","4":"has-post-thumbnail","6":"product_cat-produkty","7":"product_tag-dupont","8":"pa_farba-zelena","9":"pa_farba-biela","10":"pa_velkost-m","11":"pa_velkost-s","12":"pa_velkost-3xl","13":"pa_velkost-xxl","14":"pa_velkost-xl","15":"pa_velkost-l","17":"first","18":"instock","19":"taxable","20":"shipping-taxable","21":"purchasable","22":"product-type-variable"},"acf":[],"_links":{"self":[{"href":"https:\/\/gajos.sk\/eshop\/wp-json\/wp\/v2\/product\/343666","targetHints":{"allow":["GET"]}}],"collection":[{"href":"https:\/\/gajos.sk\/eshop\/wp-json\/wp\/v2\/product"}],"about":[{"href":"https:\/\/gajos.sk\/eshop\/wp-json\/wp\/v2\/types\/product"}],"wp:featuredmedia":[{"embeddable":true,"href":"https:\/\/gajos.sk\/eshop\/wp-json\/wp\/v2\/media\/343668"}],"wp:attachment":[{"href":"https:\/\/gajos.sk\/eshop\/wp-json\/wp\/v2\/media?parent=343666"}],"wp:term":[{"taxonomy":"product_brand","embeddable":true,"href":"https:\/\/gajos.sk\/eshop\/wp-json\/wp\/v2\/product_brand?post=343666"},{"taxonomy":"product_cat","embeddable":true,"href":"https:\/\/gajos.sk\/eshop\/wp-json\/wp\/v2\/product_cat?post=343666"},{"taxonomy":"product_tag","embeddable":true,"href":"https:\/\/gajos.sk\/eshop\/wp-json\/wp\/v2\/product_tag?post=343666"}],"curies":[{"name":"wp","href":"https:\/\/api.w.org\/{rel}","templated":true}]}}