{"id":343660,"date":"2024-03-01T21:09:49","date_gmt":"2024-03-01T20:09:49","guid":{"rendered":"https:\/\/gajostest.a2hosted.com\/eshop\/chemsafe-c1-overal\/"},"modified":"2026-05-07T21:36:33","modified_gmt":"2026-05-07T19:36:33","slug":"chemsafe-c1-overal","status":"publish","type":"product","link":"https:\/\/gajos.sk\/eshop\/p\/chemsafe-c1-overal\/","title":{"rendered":"CHEMSAFE C1 OVERAL"},"content":{"rendered":"","protected":false},"excerpt":{"rendered":"<p>Ochrann\u00e1 kombin\u00e9za s kapuc\u0148ou a pr\u00edklopkou na zipse, s gumi\u010dkou s\u0165ahovate\u013en\u00fdmi ruk\u00e1vmi a nohavicami. Odev patr\u00ed do kateg\u00f3rie CE III, typ 5 a 6, je odoln\u00fd niektor\u00fdm chemik\u00e1li\u00e1m a prieniku r\u00e1dioakt\u00edvnych \u010dast\u00edc.<\/p>\n","protected":false},"featured_media":343662,"template":"","meta":{"_acf_changed":false,"inline_featured_image":false},"product_brand":[],"product_cat":[2175],"product_tag":[1179],"class_list":{"0":"post-343660","1":"product","2":"type-product","3":"status-publish","4":"has-post-thumbnail","6":"product_cat-produkty","7":"product_tag-cerva","8":"pa_farba-biela","9":"pa_velkost-xl","10":"pa_velkost-l","11":"pa_velkost-m","12":"pa_velkost-3xl","13":"pa_velkost-xxl","15":"first","16":"instock","17":"taxable","18":"shipping-taxable","19":"purchasable","20":"product-type-variable"},"acf":[],"_links":{"self":[{"href":"https:\/\/gajos.sk\/eshop\/wp-json\/wp\/v2\/product\/343660","targetHints":{"allow":["GET"]}}],"collection":[{"href":"https:\/\/gajos.sk\/eshop\/wp-json\/wp\/v2\/product"}],"about":[{"href":"https:\/\/gajos.sk\/eshop\/wp-json\/wp\/v2\/types\/product"}],"wp:featuredmedia":[{"embeddable":true,"href":"https:\/\/gajos.sk\/eshop\/wp-json\/wp\/v2\/media\/343662"}],"wp:attachment":[{"href":"https:\/\/gajos.sk\/eshop\/wp-json\/wp\/v2\/media?parent=343660"}],"wp:term":[{"taxonomy":"product_brand","embeddable":true,"href":"https:\/\/gajos.sk\/eshop\/wp-json\/wp\/v2\/product_brand?post=343660"},{"taxonomy":"product_cat","embeddable":true,"href":"https:\/\/gajos.sk\/eshop\/wp-json\/wp\/v2\/product_cat?post=343660"},{"taxonomy":"product_tag","embeddable":true,"href":"https:\/\/gajos.sk\/eshop\/wp-json\/wp\/v2\/product_tag?post=343660"}],"curies":[{"name":"wp","href":"https:\/\/api.w.org\/{rel}","templated":true}]}}