{"id":343627,"date":"2024-03-01T21:09:35","date_gmt":"2024-03-01T20:09:35","guid":{"rendered":"https:\/\/gajostest.a2hosted.com\/eshop\/emerton-kombineza\/"},"modified":"2026-04-29T21:46:52","modified_gmt":"2026-04-29T19:46:52","slug":"emerton-kombineza","status":"publish","type":"product","link":"https:\/\/gajos.sk\/eshop\/p\/emerton-kombineza\/","title":{"rendered":"EMERTON kombin\u00e9za"},"content":{"rendered":"","protected":false},"excerpt":{"rendered":"<p>\u2022 kombin\u00e9za pohodln\u00e9ho strihu a s vysokou odolnos\u0165ou \u2022 nam\u00e1han\u00e9 miesta vystu\u017een\u00e9 materi\u00e1lom polyester 600D \u2022 guma okolo cel\u00e9ho p\u00e1sa \u2022 zosilnen\u00e9 zdvojen\u00e9 kolen\u00e1 pre vlo\u017eenie n\u00e1kolenn\u00edkov \u2022 p\u00fatko na kladivo \u2022 vyroben\u00e9 do n\u00e1ro\u010dn\u00fdch podmienok<\/p>\n","protected":false},"featured_media":343629,"template":"","meta":{"_acf_changed":false,"inline_featured_image":false},"product_brand":[],"product_cat":[2136,2121,2126],"product_tag":[1343],"class_list":{"0":"post-343627","1":"product","2":"type-product","3":"status-publish","4":"has-post-thumbnail","6":"product_cat-kombinezy","7":"product_cat-odevy","8":"product_cat-nohavice-a-overaly","9":"product_tag-australian-line","10":"pa_farba-oranzova","11":"pa_velkost-3159","12":"pa_velkost-3160","13":"pa_velkost-3161","14":"pa_velkost-3162","15":"pa_velkost-3110","16":"pa_velkost-3121","17":"pa_velkost-3123","18":"pa_velkost-3155","19":"pa_velkost-3157","20":"pa_velkost-3158","22":"first","23":"instock","24":"taxable","25":"shipping-taxable","26":"purchasable","27":"product-type-variable"},"acf":[],"_links":{"self":[{"href":"https:\/\/gajos.sk\/eshop\/wp-json\/wp\/v2\/product\/343627","targetHints":{"allow":["GET"]}}],"collection":[{"href":"https:\/\/gajos.sk\/eshop\/wp-json\/wp\/v2\/product"}],"about":[{"href":"https:\/\/gajos.sk\/eshop\/wp-json\/wp\/v2\/types\/product"}],"wp:featuredmedia":[{"embeddable":true,"href":"https:\/\/gajos.sk\/eshop\/wp-json\/wp\/v2\/media\/343629"}],"wp:attachment":[{"href":"https:\/\/gajos.sk\/eshop\/wp-json\/wp\/v2\/media?parent=343627"}],"wp:term":[{"taxonomy":"product_brand","embeddable":true,"href":"https:\/\/gajos.sk\/eshop\/wp-json\/wp\/v2\/product_brand?post=343627"},{"taxonomy":"product_cat","embeddable":true,"href":"https:\/\/gajos.sk\/eshop\/wp-json\/wp\/v2\/product_cat?post=343627"},{"taxonomy":"product_tag","embeddable":true,"href":"https:\/\/gajos.sk\/eshop\/wp-json\/wp\/v2\/product_tag?post=343627"}],"curies":[{"name":"wp","href":"https:\/\/api.w.org\/{rel}","templated":true}]}}