{"id":343609,"date":"2024-03-01T21:09:27","date_gmt":"2024-03-01T20:09:27","guid":{"rendered":"https:\/\/gajostest.a2hosted.com\/eshop\/cleeve-rflx-ciapka\/"},"modified":"2026-04-19T06:54:07","modified_gmt":"2026-04-19T04:54:07","slug":"cleeve-rflx-ciapka","status":"publish","type":"product","link":"https:\/\/gajos.sk\/eshop\/p\/cleeve-rflx-ciapka\/","title":{"rendered":"CLEEVE RFLX \u010diapka"},"content":{"rendered":"","protected":false},"excerpt":{"rendered":"<p>zimn\u00e1 pleten\u00e1 \u010diapka s lemom; vn\u00fatro polyester fleece 3M; vtk\u00e1van\u00e9 reflexn\u00e9 vl\u00e1kno.<\/p>\n","protected":false},"featured_media":343611,"template":"","meta":{"_acf_changed":false,"inline_featured_image":false},"product_brand":[],"product_cat":[2149,2121,2140],"product_tag":[1179],"class_list":{"0":"post-343609","1":"product","2":"type-product","3":"status-publish","4":"has-post-thumbnail","6":"product_cat-pokryvka-hlavy","7":"product_cat-odevy","8":"product_cat-ostatne-odevy","9":"product_tag-cerva","10":"pa_farba-hv-oranzova","11":"pa_farba-hv-zlta","12":"pa_farba-cierna","13":"pa_velkost-xl-xxl","14":"pa_velkost-m-l","16":"first","17":"instock","18":"taxable","19":"shipping-taxable","20":"purchasable","21":"product-type-variable"},"acf":[],"_links":{"self":[{"href":"https:\/\/gajos.sk\/eshop\/wp-json\/wp\/v2\/product\/343609","targetHints":{"allow":["GET"]}}],"collection":[{"href":"https:\/\/gajos.sk\/eshop\/wp-json\/wp\/v2\/product"}],"about":[{"href":"https:\/\/gajos.sk\/eshop\/wp-json\/wp\/v2\/types\/product"}],"wp:featuredmedia":[{"embeddable":true,"href":"https:\/\/gajos.sk\/eshop\/wp-json\/wp\/v2\/media\/343611"}],"wp:attachment":[{"href":"https:\/\/gajos.sk\/eshop\/wp-json\/wp\/v2\/media?parent=343609"}],"wp:term":[{"taxonomy":"product_brand","embeddable":true,"href":"https:\/\/gajos.sk\/eshop\/wp-json\/wp\/v2\/product_brand?post=343609"},{"taxonomy":"product_cat","embeddable":true,"href":"https:\/\/gajos.sk\/eshop\/wp-json\/wp\/v2\/product_cat?post=343609"},{"taxonomy":"product_tag","embeddable":true,"href":"https:\/\/gajos.sk\/eshop\/wp-json\/wp\/v2\/product_tag?post=343609"}],"curies":[{"name":"wp","href":"https:\/\/api.w.org\/{rel}","templated":true}]}}