{"id":343528,"date":"2024-03-01T21:07:50","date_gmt":"2024-03-01T20:07:50","guid":{"rendered":"https:\/\/gajostest.a2hosted.com\/eshop\/yowie-ciapka-pletena\/"},"modified":"2026-04-11T17:51:09","modified_gmt":"2026-04-11T15:51:09","slug":"yowie-ciapka-pletena","status":"publish","type":"product","link":"https:\/\/gajos.sk\/eshop\/p\/yowie-ciapka-pletena\/","title":{"rendered":"YOWIE \u010diapka pleten\u00e1"},"content":{"rendered":"","protected":false},"excerpt":{"rendered":"<p>\u2022 d\u00e1mska \u010diapka z \u013eahk\u00e9ho elastick\u00e9ho materi\u00e1lu s potla\u010dou v \u0161t\u00fdle Yowie<\/p>\n","protected":false},"featured_media":343530,"template":"","meta":{"_acf_changed":false,"inline_featured_image":false},"product_brand":[],"product_cat":[2121,2149,2140],"product_tag":[1244],"class_list":{"0":"post-343528","1":"product","2":"type-product","3":"status-publish","4":"has-post-thumbnail","6":"product_cat-odevy","7":"product_cat-pokryvka-hlavy","8":"product_cat-ostatne-odevy","9":"product_tag-crv","10":"pa_farba-hneda-zelena","11":"pa_velkost-s-m","12":"pa_velkost-l-xl","14":"first","15":"instock","16":"taxable","17":"shipping-taxable","18":"product-type-variable"},"acf":[],"_links":{"self":[{"href":"https:\/\/gajos.sk\/eshop\/wp-json\/wp\/v2\/product\/343528","targetHints":{"allow":["GET"]}}],"collection":[{"href":"https:\/\/gajos.sk\/eshop\/wp-json\/wp\/v2\/product"}],"about":[{"href":"https:\/\/gajos.sk\/eshop\/wp-json\/wp\/v2\/types\/product"}],"wp:featuredmedia":[{"embeddable":true,"href":"https:\/\/gajos.sk\/eshop\/wp-json\/wp\/v2\/media\/343530"}],"wp:attachment":[{"href":"https:\/\/gajos.sk\/eshop\/wp-json\/wp\/v2\/media?parent=343528"}],"wp:term":[{"taxonomy":"product_brand","embeddable":true,"href":"https:\/\/gajos.sk\/eshop\/wp-json\/wp\/v2\/product_brand?post=343528"},{"taxonomy":"product_cat","embeddable":true,"href":"https:\/\/gajos.sk\/eshop\/wp-json\/wp\/v2\/product_cat?post=343528"},{"taxonomy":"product_tag","embeddable":true,"href":"https:\/\/gajos.sk\/eshop\/wp-json\/wp\/v2\/product_tag?post=343528"}],"curies":[{"name":"wp","href":"https:\/\/api.w.org\/{rel}","templated":true}]}}