{"id":343524,"date":"2024-03-01T21:07:44","date_gmt":"2024-03-01T20:07:44","guid":{"rendered":"https:\/\/gajostest.a2hosted.com\/eshop\/crambe-ciapka-pletena\/"},"modified":"2026-04-25T21:44:51","modified_gmt":"2026-04-25T19:44:51","slug":"crambe-ciapka-pletena","status":"publish","type":"product","link":"https:\/\/gajos.sk\/eshop\/p\/crambe-ciapka-pletena\/","title":{"rendered":"CRAMBE \u010diapka pleten\u00e1"},"content":{"rendered":"","protected":false},"excerpt":{"rendered":"<p>\u2022 pleten\u00e1 unisex \u010diapka s fleecovou pod\u0161\u00edvkou \u2022  kamufl\u00e1\u017e vzor Crambe<\/p>\n","protected":false},"featured_media":343526,"template":"","meta":{"_acf_changed":false,"inline_featured_image":false},"product_brand":[],"product_cat":[2121,2149,2140],"product_tag":[1244],"class_list":{"0":"post-343524","1":"product","2":"type-product","3":"status-publish","4":"has-post-thumbnail","6":"product_cat-odevy","7":"product_cat-pokryvka-hlavy","8":"product_cat-ostatne-odevy","9":"product_tag-crv","10":"pa_farba-camouflage","11":"pa_velkost-xl-xxl","12":"pa_velkost-m-l","14":"first","15":"instock","16":"taxable","17":"shipping-taxable","18":"purchasable","19":"product-type-variable"},"acf":[],"_links":{"self":[{"href":"https:\/\/gajos.sk\/eshop\/wp-json\/wp\/v2\/product\/343524","targetHints":{"allow":["GET"]}}],"collection":[{"href":"https:\/\/gajos.sk\/eshop\/wp-json\/wp\/v2\/product"}],"about":[{"href":"https:\/\/gajos.sk\/eshop\/wp-json\/wp\/v2\/types\/product"}],"wp:featuredmedia":[{"embeddable":true,"href":"https:\/\/gajos.sk\/eshop\/wp-json\/wp\/v2\/media\/343526"}],"wp:attachment":[{"href":"https:\/\/gajos.sk\/eshop\/wp-json\/wp\/v2\/media?parent=343524"}],"wp:term":[{"taxonomy":"product_brand","embeddable":true,"href":"https:\/\/gajos.sk\/eshop\/wp-json\/wp\/v2\/product_brand?post=343524"},{"taxonomy":"product_cat","embeddable":true,"href":"https:\/\/gajos.sk\/eshop\/wp-json\/wp\/v2\/product_cat?post=343524"},{"taxonomy":"product_tag","embeddable":true,"href":"https:\/\/gajos.sk\/eshop\/wp-json\/wp\/v2\/product_tag?post=343524"}],"curies":[{"name":"wp","href":"https:\/\/api.w.org\/{rel}","templated":true}]}}