{"id":343504,"date":"2024-03-01T21:07:31","date_gmt":"2024-03-01T20:07:31","guid":{"rendered":"https:\/\/gajostest.a2hosted.com\/eshop\/clif-satka-crv-multifunkcna\/"},"modified":"2026-04-11T17:51:09","modified_gmt":"2026-04-11T15:51:09","slug":"clif-satka-crv-multifunkcna","status":"publish","type":"product","link":"https:\/\/gajos.sk\/eshop\/p\/clif-satka-crv-multifunkcna\/","title":{"rendered":"CLIF \u0161atka CRV multifunk\u010dn\u00e1"},"content":{"rendered":"","protected":false},"excerpt":{"rendered":"<p>\u2022 p\u00e1nsky variant \u2013 dizajn n\u00e1radia \u2013 podpor\u00ed va\u0161e pracovn\u00e9 \u00fasilie \u2022 d\u00e1msky variant \u2013 perfektne dop\u013a\u0148a kolekciu Yowie svojim kvetinov\u00fdm dizaj \u2022 \u0161atka absorbuje vlhkos\u0165 a odv\u00e1dza ju na povrch<\/p>\n","protected":false},"featured_media":343506,"template":"","meta":{"_acf_changed":false,"inline_featured_image":false},"product_brand":[],"product_cat":[2121,2149,2140],"product_tag":[1244],"class_list":{"0":"post-343504","1":"product","2":"type-product","3":"status-publish","4":"has-post-thumbnail","6":"product_cat-odevy","7":"product_cat-pokryvka-hlavy","8":"product_cat-ostatne-odevy","9":"product_tag-crv","10":"pa_farba-zelena","11":"pa_farba-cierna","12":"pa_farba-fialova","14":"first","15":"instock","16":"taxable","17":"shipping-taxable","18":"purchasable","19":"product-type-variable"},"acf":[],"_links":{"self":[{"href":"https:\/\/gajos.sk\/eshop\/wp-json\/wp\/v2\/product\/343504","targetHints":{"allow":["GET"]}}],"collection":[{"href":"https:\/\/gajos.sk\/eshop\/wp-json\/wp\/v2\/product"}],"about":[{"href":"https:\/\/gajos.sk\/eshop\/wp-json\/wp\/v2\/types\/product"}],"wp:featuredmedia":[{"embeddable":true,"href":"https:\/\/gajos.sk\/eshop\/wp-json\/wp\/v2\/media\/343506"}],"wp:attachment":[{"href":"https:\/\/gajos.sk\/eshop\/wp-json\/wp\/v2\/media?parent=343504"}],"wp:term":[{"taxonomy":"product_brand","embeddable":true,"href":"https:\/\/gajos.sk\/eshop\/wp-json\/wp\/v2\/product_brand?post=343504"},{"taxonomy":"product_cat","embeddable":true,"href":"https:\/\/gajos.sk\/eshop\/wp-json\/wp\/v2\/product_cat?post=343504"},{"taxonomy":"product_tag","embeddable":true,"href":"https:\/\/gajos.sk\/eshop\/wp-json\/wp\/v2\/product_tag?post=343504"}],"curies":[{"name":"wp","href":"https:\/\/api.w.org\/{rel}","templated":true}]}}