{"id":343492,"date":"2024-03-01T21:07:24","date_gmt":"2024-03-01T20:07:24","guid":{"rendered":"https:\/\/gajostest.a2hosted.com\/eshop\/aplin-satka-multifunkcna-zimna\/"},"modified":"2026-04-25T21:44:51","modified_gmt":"2026-04-25T19:44:51","slug":"aplin-satka-multifunkcna-zimna","status":"publish","type":"product","link":"https:\/\/gajos.sk\/eshop\/p\/aplin-satka-multifunkcna-zimna\/","title":{"rendered":"APLIN \u0161atka multifunk\u010dn\u00e1 zimn\u00e1"},"content":{"rendered":"","protected":false},"excerpt":{"rendered":"<p>Multifunk\u010dn\u00e1 \u0161atka s vn\u00fatornou zateplenou \u010das\u0165ou polar fl eece, mo\u017eno ju nosi\u0165 ako \u010delenku, rol\u00e1k, \u010diapku.<\/p>\n","protected":false},"featured_media":343494,"template":"","meta":{"_acf_changed":false,"inline_featured_image":false},"product_brand":[],"product_cat":[2121,2149,2140],"product_tag":[1244],"class_list":{"0":"post-343492","1":"product","2":"type-product","3":"status-publish","4":"has-post-thumbnail","6":"product_cat-odevy","7":"product_cat-pokryvka-hlavy","8":"product_cat-ostatne-odevy","9":"product_tag-crv","10":"pa_farba-cierna","12":"first","13":"instock","14":"taxable","15":"shipping-taxable","16":"purchasable","17":"product-type-variable"},"acf":[],"_links":{"self":[{"href":"https:\/\/gajos.sk\/eshop\/wp-json\/wp\/v2\/product\/343492","targetHints":{"allow":["GET"]}}],"collection":[{"href":"https:\/\/gajos.sk\/eshop\/wp-json\/wp\/v2\/product"}],"about":[{"href":"https:\/\/gajos.sk\/eshop\/wp-json\/wp\/v2\/types\/product"}],"wp:featuredmedia":[{"embeddable":true,"href":"https:\/\/gajos.sk\/eshop\/wp-json\/wp\/v2\/media\/343494"}],"wp:attachment":[{"href":"https:\/\/gajos.sk\/eshop\/wp-json\/wp\/v2\/media?parent=343492"}],"wp:term":[{"taxonomy":"product_brand","embeddable":true,"href":"https:\/\/gajos.sk\/eshop\/wp-json\/wp\/v2\/product_brand?post=343492"},{"taxonomy":"product_cat","embeddable":true,"href":"https:\/\/gajos.sk\/eshop\/wp-json\/wp\/v2\/product_cat?post=343492"},{"taxonomy":"product_tag","embeddable":true,"href":"https:\/\/gajos.sk\/eshop\/wp-json\/wp\/v2\/product_tag?post=343492"}],"curies":[{"name":"wp","href":"https:\/\/api.w.org\/{rel}","templated":true}]}}