{"id":343488,"date":"2024-03-01T21:07:24","date_gmt":"2024-03-01T20:07:24","guid":{"rendered":"https:\/\/gajostest.a2hosted.com\/eshop\/dangara-kukla-pletena\/"},"modified":"2026-05-07T21:36:33","modified_gmt":"2026-05-07T19:36:33","slug":"dangara-kukla-pletena","status":"publish","type":"product","link":"https:\/\/gajos.sk\/eshop\/p\/dangara-kukla-pletena\/","title":{"rendered":"DANGARA kukla pleten\u00e1"},"content":{"rendered":"","protected":false},"excerpt":{"rendered":"<p>Termoizola\u010dn\u00e1 kukla pre \u0161portov\u00e9 i pracovn\u00e9 \u00fa\u010dely nosenia.<\/p>\n","protected":false},"featured_media":343490,"template":"","meta":{"_acf_changed":false,"inline_featured_image":false},"product_brand":[],"product_cat":[2121,2149,2140],"product_tag":[1244],"class_list":{"0":"post-343488","1":"product","2":"type-product","3":"status-publish","4":"has-post-thumbnail","6":"product_cat-odevy","7":"product_cat-pokryvka-hlavy","8":"product_cat-ostatne-odevy","9":"product_tag-crv","10":"pa_farba-cierna","11":"pa_velkost-m-l","12":"pa_velkost-xl-xxl","14":"first","15":"instock","16":"taxable","17":"shipping-taxable","18":"purchasable","19":"product-type-variable"},"acf":[],"_links":{"self":[{"href":"https:\/\/gajos.sk\/eshop\/wp-json\/wp\/v2\/product\/343488","targetHints":{"allow":["GET"]}}],"collection":[{"href":"https:\/\/gajos.sk\/eshop\/wp-json\/wp\/v2\/product"}],"about":[{"href":"https:\/\/gajos.sk\/eshop\/wp-json\/wp\/v2\/types\/product"}],"wp:featuredmedia":[{"embeddable":true,"href":"https:\/\/gajos.sk\/eshop\/wp-json\/wp\/v2\/media\/343490"}],"wp:attachment":[{"href":"https:\/\/gajos.sk\/eshop\/wp-json\/wp\/v2\/media?parent=343488"}],"wp:term":[{"taxonomy":"product_brand","embeddable":true,"href":"https:\/\/gajos.sk\/eshop\/wp-json\/wp\/v2\/product_brand?post=343488"},{"taxonomy":"product_cat","embeddable":true,"href":"https:\/\/gajos.sk\/eshop\/wp-json\/wp\/v2\/product_cat?post=343488"},{"taxonomy":"product_tag","embeddable":true,"href":"https:\/\/gajos.sk\/eshop\/wp-json\/wp\/v2\/product_tag?post=343488"}],"curies":[{"name":"wp","href":"https:\/\/api.w.org\/{rel}","templated":true}]}}