{"id":343485,"date":"2024-03-01T21:07:24","date_gmt":"2024-03-01T20:07:24","guid":{"rendered":"https:\/\/gajostest.a2hosted.com\/eshop\/thorpe-celenka\/"},"modified":"2026-04-11T17:51:09","modified_gmt":"2026-04-11T15:51:09","slug":"thorpe-celenka","status":"publish","type":"product","link":"https:\/\/gajos.sk\/eshop\/p\/thorpe-celenka\/","title":{"rendered":"THORPE \u010delenka"},"content":{"rendered":"","protected":false},"excerpt":{"rendered":"<p>\u0160portov\u00e1 \u010delenka s modern\u00fdm vzorom, elegantn\u00e1 ochrana u\u0161\u00ed a \u010dela v nepriaznivom po\u010das\u00ed.<\/p>\n","protected":false},"featured_media":343487,"template":"","meta":{"_acf_changed":false,"inline_featured_image":false},"product_brand":[],"product_cat":[2121,2149,2140],"product_tag":[1244],"class_list":{"0":"post-343485","1":"product","2":"type-product","3":"status-publish","4":"has-post-thumbnail","6":"product_cat-odevy","7":"product_cat-pokryvka-hlavy","8":"product_cat-ostatne-odevy","9":"product_tag-crv","10":"pa_farba-siva","12":"first","13":"instock","14":"taxable","15":"shipping-taxable","16":"product-type-variable"},"acf":[],"_links":{"self":[{"href":"https:\/\/gajos.sk\/eshop\/wp-json\/wp\/v2\/product\/343485","targetHints":{"allow":["GET"]}}],"collection":[{"href":"https:\/\/gajos.sk\/eshop\/wp-json\/wp\/v2\/product"}],"about":[{"href":"https:\/\/gajos.sk\/eshop\/wp-json\/wp\/v2\/types\/product"}],"wp:featuredmedia":[{"embeddable":true,"href":"https:\/\/gajos.sk\/eshop\/wp-json\/wp\/v2\/media\/343487"}],"wp:attachment":[{"href":"https:\/\/gajos.sk\/eshop\/wp-json\/wp\/v2\/media?parent=343485"}],"wp:term":[{"taxonomy":"product_brand","embeddable":true,"href":"https:\/\/gajos.sk\/eshop\/wp-json\/wp\/v2\/product_brand?post=343485"},{"taxonomy":"product_cat","embeddable":true,"href":"https:\/\/gajos.sk\/eshop\/wp-json\/wp\/v2\/product_cat?post=343485"},{"taxonomy":"product_tag","embeddable":true,"href":"https:\/\/gajos.sk\/eshop\/wp-json\/wp\/v2\/product_tag?post=343485"}],"curies":[{"name":"wp","href":"https:\/\/api.w.org\/{rel}","templated":true}]}}