{"id":343482,"date":"2024-03-01T21:07:19","date_gmt":"2024-03-01T20:07:19","guid":{"rendered":"https:\/\/gajostest.a2hosted.com\/eshop\/elcho-kulich\/"},"modified":"2026-04-25T21:44:51","modified_gmt":"2026-04-25T19:44:51","slug":"elcho-kulich","status":"publish","type":"product","link":"https:\/\/gajos.sk\/eshop\/p\/elcho-kulich\/","title":{"rendered":"ELCHO kulich"},"content":{"rendered":"","protected":false},"excerpt":{"rendered":"<p>Pleten\u00e1 \u010diapka s modern\u00fdm vzorom, spevnen\u00e1 vrstva zabra\u0148uj\u00faca pref\u00faknutiu.<\/p>\n","protected":false},"featured_media":343484,"template":"","meta":{"_acf_changed":false,"inline_featured_image":false},"product_brand":[],"product_cat":[2149,2121,2140],"product_tag":[1244],"class_list":{"0":"post-343482","1":"product","2":"type-product","3":"status-publish","4":"has-post-thumbnail","6":"product_cat-pokryvka-hlavy","7":"product_cat-odevy","8":"product_cat-ostatne-odevy","9":"product_tag-crv","10":"pa_farba-siva","12":"first","13":"instock","14":"taxable","15":"shipping-taxable","16":"purchasable","17":"product-type-variable"},"acf":[],"_links":{"self":[{"href":"https:\/\/gajos.sk\/eshop\/wp-json\/wp\/v2\/product\/343482","targetHints":{"allow":["GET"]}}],"collection":[{"href":"https:\/\/gajos.sk\/eshop\/wp-json\/wp\/v2\/product"}],"about":[{"href":"https:\/\/gajos.sk\/eshop\/wp-json\/wp\/v2\/types\/product"}],"wp:featuredmedia":[{"embeddable":true,"href":"https:\/\/gajos.sk\/eshop\/wp-json\/wp\/v2\/media\/343484"}],"wp:attachment":[{"href":"https:\/\/gajos.sk\/eshop\/wp-json\/wp\/v2\/media?parent=343482"}],"wp:term":[{"taxonomy":"product_brand","embeddable":true,"href":"https:\/\/gajos.sk\/eshop\/wp-json\/wp\/v2\/product_brand?post=343482"},{"taxonomy":"product_cat","embeddable":true,"href":"https:\/\/gajos.sk\/eshop\/wp-json\/wp\/v2\/product_cat?post=343482"},{"taxonomy":"product_tag","embeddable":true,"href":"https:\/\/gajos.sk\/eshop\/wp-json\/wp\/v2\/product_tag?post=343482"}],"curies":[{"name":"wp","href":"https:\/\/api.w.org\/{rel}","templated":true}]}}