{"id":343473,"date":"2024-03-01T21:07:12","date_gmt":"2024-03-01T20:07:12","guid":{"rendered":"https:\/\/gajostest.a2hosted.com\/eshop\/croker-ciapka-crv-obojstranna\/"},"modified":"2026-04-11T17:51:09","modified_gmt":"2026-04-11T15:51:09","slug":"croker-ciapka-crv-obojstranna","status":"publish","type":"product","link":"https:\/\/gajos.sk\/eshop\/p\/croker-ciapka-crv-obojstranna\/","title":{"rendered":"CROKER \u010diapka CRV obojstrann\u00e1"},"content":{"rendered":"","protected":false},"excerpt":{"rendered":"<p>\u0160portov\u00e1 obojstrann\u00e1 pleten\u00e1 \u010diapka.<\/p>\n","protected":false},"featured_media":343475,"template":"","meta":{"_acf_changed":false,"inline_featured_image":false},"product_brand":[],"product_cat":[2121,2149,2140],"product_tag":[1244],"class_list":{"0":"post-343473","1":"product","2":"type-product","3":"status-publish","4":"has-post-thumbnail","6":"product_cat-odevy","7":"product_cat-pokryvka-hlavy","8":"product_cat-ostatne-odevy","9":"product_tag-crv","10":"pa_farba-cierna-biela","11":"pa_velkost-m-l","13":"first","14":"instock","15":"taxable","16":"shipping-taxable","17":"product-type-variable"},"acf":[],"_links":{"self":[{"href":"https:\/\/gajos.sk\/eshop\/wp-json\/wp\/v2\/product\/343473","targetHints":{"allow":["GET"]}}],"collection":[{"href":"https:\/\/gajos.sk\/eshop\/wp-json\/wp\/v2\/product"}],"about":[{"href":"https:\/\/gajos.sk\/eshop\/wp-json\/wp\/v2\/types\/product"}],"wp:featuredmedia":[{"embeddable":true,"href":"https:\/\/gajos.sk\/eshop\/wp-json\/wp\/v2\/media\/343475"}],"wp:attachment":[{"href":"https:\/\/gajos.sk\/eshop\/wp-json\/wp\/v2\/media?parent=343473"}],"wp:term":[{"taxonomy":"product_brand","embeddable":true,"href":"https:\/\/gajos.sk\/eshop\/wp-json\/wp\/v2\/product_brand?post=343473"},{"taxonomy":"product_cat","embeddable":true,"href":"https:\/\/gajos.sk\/eshop\/wp-json\/wp\/v2\/product_cat?post=343473"},{"taxonomy":"product_tag","embeddable":true,"href":"https:\/\/gajos.sk\/eshop\/wp-json\/wp\/v2\/product_tag?post=343473"}],"curies":[{"name":"wp","href":"https:\/\/api.w.org\/{rel}","templated":true}]}}