{"id":343448,"date":"2024-03-01T21:05:58","date_gmt":"2024-03-01T20:05:58","guid":{"rendered":"https:\/\/gajostest.a2hosted.com\/eshop\/stanmore-baseballova-ciapka-modra\/"},"modified":"2026-04-29T21:46:52","modified_gmt":"2026-04-29T19:46:52","slug":"stanmore-baseballova-ciapka-modra","status":"publish","type":"product","link":"https:\/\/gajos.sk\/eshop\/p\/stanmore-baseballova-ciapka-modra\/","title":{"rendered":"STANMORE baseballov\u00e1 \u010diapka modr\u00e1"},"content":{"rendered":"","protected":false},"excerpt":{"rendered":"<p>\u010ciapka baseballov\u00e9ho typu s regul\u00e1ciou ve\u013ekosti pomocou kovovej spony.<\/p>\n","protected":false},"featured_media":343450,"template":"","meta":{"_acf_changed":false,"inline_featured_image":false},"product_brand":[],"product_cat":[2121,2149,2140],"product_tag":[1343],"class_list":{"0":"post-343448","1":"product","2":"type-product","3":"status-publish","4":"has-post-thumbnail","6":"product_cat-odevy","7":"product_cat-pokryvka-hlavy","8":"product_cat-ostatne-odevy","9":"product_tag-australian-line","10":"pa_velkost-uni","12":"first","13":"instock","14":"taxable","15":"shipping-taxable","16":"purchasable","17":"product-type-variable"},"acf":[],"_links":{"self":[{"href":"https:\/\/gajos.sk\/eshop\/wp-json\/wp\/v2\/product\/343448","targetHints":{"allow":["GET"]}}],"collection":[{"href":"https:\/\/gajos.sk\/eshop\/wp-json\/wp\/v2\/product"}],"about":[{"href":"https:\/\/gajos.sk\/eshop\/wp-json\/wp\/v2\/types\/product"}],"wp:featuredmedia":[{"embeddable":true,"href":"https:\/\/gajos.sk\/eshop\/wp-json\/wp\/v2\/media\/343450"}],"wp:attachment":[{"href":"https:\/\/gajos.sk\/eshop\/wp-json\/wp\/v2\/media?parent=343448"}],"wp:term":[{"taxonomy":"product_brand","embeddable":true,"href":"https:\/\/gajos.sk\/eshop\/wp-json\/wp\/v2\/product_brand?post=343448"},{"taxonomy":"product_cat","embeddable":true,"href":"https:\/\/gajos.sk\/eshop\/wp-json\/wp\/v2\/product_cat?post=343448"},{"taxonomy":"product_tag","embeddable":true,"href":"https:\/\/gajos.sk\/eshop\/wp-json\/wp\/v2\/product_tag?post=343448"}],"curies":[{"name":"wp","href":"https:\/\/api.w.org\/{rel}","templated":true}]}}