{"id":343401,"date":"2024-03-01T21:05:41","date_gmt":"2024-03-01T20:05:41","guid":{"rendered":"https:\/\/gajostest.a2hosted.com\/eshop\/tulle-baseballova-ciapka\/"},"modified":"2026-05-07T21:36:33","modified_gmt":"2026-05-07T19:36:33","slug":"tulle-baseballova-ciapka","status":"publish","type":"product","link":"https:\/\/gajos.sk\/eshop\/p\/tulle-baseballova-ciapka\/","title":{"rendered":"TULLE baseballov\u00e1 \u010diapka"},"content":{"rendered":"","protected":false},"excerpt":{"rendered":"<p>\u010ciapka baseballov\u00e9ho typu s regul\u00e1ciou ve\u013ekosti pomocou kovovej spony.<\/p>\n","protected":false},"featured_media":343403,"template":"","meta":{"_acf_changed":false,"inline_featured_image":false},"product_brand":[],"product_cat":[2149,2121,2140],"product_tag":[1179],"class_list":{"0":"post-343401","1":"product","2":"type-product","3":"status-publish","4":"has-post-thumbnail","6":"product_cat-pokryvka-hlavy","7":"product_cat-odevy","8":"product_cat-ostatne-odevy","9":"product_tag-cerva","10":"pa_farba-zelena","11":"pa_farba-zlta","12":"pa_farba-cervena","13":"pa_farba-cierna","14":"pa_farba-oranzova","15":"pa_farba-biela","16":"pa_farba-sv-modra","17":"pa_farba-tm-modra","19":"first","20":"instock","21":"taxable","22":"shipping-taxable","23":"purchasable","24":"product-type-variable"},"acf":[],"_links":{"self":[{"href":"https:\/\/gajos.sk\/eshop\/wp-json\/wp\/v2\/product\/343401","targetHints":{"allow":["GET"]}}],"collection":[{"href":"https:\/\/gajos.sk\/eshop\/wp-json\/wp\/v2\/product"}],"about":[{"href":"https:\/\/gajos.sk\/eshop\/wp-json\/wp\/v2\/types\/product"}],"wp:featuredmedia":[{"embeddable":true,"href":"https:\/\/gajos.sk\/eshop\/wp-json\/wp\/v2\/media\/343403"}],"wp:attachment":[{"href":"https:\/\/gajos.sk\/eshop\/wp-json\/wp\/v2\/media?parent=343401"}],"wp:term":[{"taxonomy":"product_brand","embeddable":true,"href":"https:\/\/gajos.sk\/eshop\/wp-json\/wp\/v2\/product_brand?post=343401"},{"taxonomy":"product_cat","embeddable":true,"href":"https:\/\/gajos.sk\/eshop\/wp-json\/wp\/v2\/product_cat?post=343401"},{"taxonomy":"product_tag","embeddable":true,"href":"https:\/\/gajos.sk\/eshop\/wp-json\/wp\/v2\/product_tag?post=343401"}],"curies":[{"name":"wp","href":"https:\/\/api.w.org\/{rel}","templated":true}]}}