{"id":343381,"date":"2024-03-01T21:05:28","date_gmt":"2024-03-01T20:05:28","guid":{"rendered":"https:\/\/gajostest.a2hosted.com\/eshop\/volans-ciapka-lodicka-biela\/"},"modified":"2026-05-07T21:36:33","modified_gmt":"2026-05-07T19:36:33","slug":"volans-ciapka-lodicka-biela","status":"publish","type":"product","link":"https:\/\/gajos.sk\/eshop\/p\/volans-ciapka-lodicka-biela\/","title":{"rendered":"VOLANS \u010diapka lodi\u010dka biela"},"content":{"rendered":"","protected":false},"excerpt":{"rendered":"<p>Pracovn\u00e1 \u010diapka &#8211; lodi\u010dka.<\/p>\n","protected":false},"featured_media":343383,"template":"","meta":{"_acf_changed":false,"inline_featured_image":false},"product_brand":[],"product_cat":[2121,2149,2140],"product_tag":[1179],"class_list":{"0":"post-343381","1":"product","2":"type-product","3":"status-publish","4":"has-post-thumbnail","6":"product_cat-odevy","7":"product_cat-pokryvka-hlavy","8":"product_cat-ostatne-odevy","9":"product_tag-cerva","10":"pa_farba-biela","11":"pa_velkost-3160","12":"pa_velkost-3161","13":"pa_velkost-3157","14":"pa_velkost-3158","15":"pa_velkost-3159","17":"first","18":"instock","19":"taxable","20":"shipping-taxable","21":"purchasable","22":"product-type-variable"},"acf":[],"_links":{"self":[{"href":"https:\/\/gajos.sk\/eshop\/wp-json\/wp\/v2\/product\/343381","targetHints":{"allow":["GET"]}}],"collection":[{"href":"https:\/\/gajos.sk\/eshop\/wp-json\/wp\/v2\/product"}],"about":[{"href":"https:\/\/gajos.sk\/eshop\/wp-json\/wp\/v2\/types\/product"}],"wp:featuredmedia":[{"embeddable":true,"href":"https:\/\/gajos.sk\/eshop\/wp-json\/wp\/v2\/media\/343383"}],"wp:attachment":[{"href":"https:\/\/gajos.sk\/eshop\/wp-json\/wp\/v2\/media?parent=343381"}],"wp:term":[{"taxonomy":"product_brand","embeddable":true,"href":"https:\/\/gajos.sk\/eshop\/wp-json\/wp\/v2\/product_brand?post=343381"},{"taxonomy":"product_cat","embeddable":true,"href":"https:\/\/gajos.sk\/eshop\/wp-json\/wp\/v2\/product_cat?post=343381"},{"taxonomy":"product_tag","embeddable":true,"href":"https:\/\/gajos.sk\/eshop\/wp-json\/wp\/v2\/product_tag?post=343381"}],"curies":[{"name":"wp","href":"https:\/\/api.w.org\/{rel}","templated":true}]}}