{"id":343375,"date":"2024-03-01T21:05:28","date_gmt":"2024-03-01T20:05:28","guid":{"rendered":"https:\/\/gajostest.a2hosted.com\/eshop\/cassio-ciapka-hrib-biela\/"},"modified":"2026-05-07T21:36:33","modified_gmt":"2026-05-07T19:36:33","slug":"cassio-ciapka-hrib-biela","status":"publish","type":"product","link":"https:\/\/gajos.sk\/eshop\/p\/cassio-ciapka-hrib-biela\/","title":{"rendered":"CASSIO \u010diapka hr\u00edb biela"},"content":{"rendered":"","protected":false},"excerpt":{"rendered":"<p>Kuch\u00e1rska \u010diapka &#8211; hr\u00edb.<\/p>\n","protected":false},"featured_media":343377,"template":"","meta":{"_acf_changed":false,"inline_featured_image":false},"product_brand":[],"product_cat":[2121,2149,2140],"product_tag":[1179],"class_list":{"0":"post-343375","1":"product","2":"type-product","3":"status-publish","4":"has-post-thumbnail","6":"product_cat-odevy","7":"product_cat-pokryvka-hlavy","8":"product_cat-ostatne-odevy","9":"product_tag-cerva","10":"pa_farba-biela","11":"pa_velkost-3158","12":"pa_velkost-3159","13":"pa_velkost-3160","14":"pa_velkost-3157","16":"first","17":"instock","18":"taxable","19":"shipping-taxable","20":"purchasable","21":"product-type-variable"},"acf":[],"_links":{"self":[{"href":"https:\/\/gajos.sk\/eshop\/wp-json\/wp\/v2\/product\/343375","targetHints":{"allow":["GET"]}}],"collection":[{"href":"https:\/\/gajos.sk\/eshop\/wp-json\/wp\/v2\/product"}],"about":[{"href":"https:\/\/gajos.sk\/eshop\/wp-json\/wp\/v2\/types\/product"}],"wp:featuredmedia":[{"embeddable":true,"href":"https:\/\/gajos.sk\/eshop\/wp-json\/wp\/v2\/media\/343377"}],"wp:attachment":[{"href":"https:\/\/gajos.sk\/eshop\/wp-json\/wp\/v2\/media?parent=343375"}],"wp:term":[{"taxonomy":"product_brand","embeddable":true,"href":"https:\/\/gajos.sk\/eshop\/wp-json\/wp\/v2\/product_brand?post=343375"},{"taxonomy":"product_cat","embeddable":true,"href":"https:\/\/gajos.sk\/eshop\/wp-json\/wp\/v2\/product_cat?post=343375"},{"taxonomy":"product_tag","embeddable":true,"href":"https:\/\/gajos.sk\/eshop\/wp-json\/wp\/v2\/product_tag?post=343375"}],"curies":[{"name":"wp","href":"https:\/\/api.w.org\/{rel}","templated":true}]}}