{"id":343371,"date":"2024-03-01T21:05:21","date_gmt":"2024-03-01T20:05:21","guid":{"rendered":"https:\/\/gajostest.a2hosted.com\/eshop\/vapi-peak-jednor-ciapka-silt-100ks-bal\/"},"modified":"2026-05-07T21:36:33","modified_gmt":"2026-05-07T19:36:33","slug":"vapi-peak-jednor-ciapka-silt-100ks-bal","status":"publish","type":"product","link":"https:\/\/gajos.sk\/eshop\/p\/vapi-peak-jednor-ciapka-silt-100ks-bal\/","title":{"rendered":"VAPI PEAK jednor.\u010diapka \u0161ilt 100ks\/bal"},"content":{"rendered":"","protected":false},"excerpt":{"rendered":"<p>Jednorazov\u00e1 ochrann\u00e1 \u010diapka so \u0161iltom s hmotnos\u0165ou 16 g.<\/p>\n","protected":false},"featured_media":343373,"template":"","meta":{"_acf_changed":false,"inline_featured_image":false},"product_brand":[],"product_cat":[2175],"product_tag":[1179],"class_list":{"0":"post-343371","1":"product","2":"type-product","3":"status-publish","4":"has-post-thumbnail","6":"product_cat-produkty","7":"product_tag-cerva","8":"pa_farba-modra","9":"pa_farba-biela","11":"first","12":"instock","13":"taxable","14":"shipping-taxable","15":"purchasable","16":"product-type-variable"},"acf":[],"_links":{"self":[{"href":"https:\/\/gajos.sk\/eshop\/wp-json\/wp\/v2\/product\/343371","targetHints":{"allow":["GET"]}}],"collection":[{"href":"https:\/\/gajos.sk\/eshop\/wp-json\/wp\/v2\/product"}],"about":[{"href":"https:\/\/gajos.sk\/eshop\/wp-json\/wp\/v2\/types\/product"}],"wp:featuredmedia":[{"embeddable":true,"href":"https:\/\/gajos.sk\/eshop\/wp-json\/wp\/v2\/media\/343373"}],"wp:attachment":[{"href":"https:\/\/gajos.sk\/eshop\/wp-json\/wp\/v2\/media?parent=343371"}],"wp:term":[{"taxonomy":"product_brand","embeddable":true,"href":"https:\/\/gajos.sk\/eshop\/wp-json\/wp\/v2\/product_brand?post=343371"},{"taxonomy":"product_cat","embeddable":true,"href":"https:\/\/gajos.sk\/eshop\/wp-json\/wp\/v2\/product_cat?post=343371"},{"taxonomy":"product_tag","embeddable":true,"href":"https:\/\/gajos.sk\/eshop\/wp-json\/wp\/v2\/product_tag?post=343371"}],"curies":[{"name":"wp","href":"https:\/\/api.w.org\/{rel}","templated":true}]}}