{"id":343345,"date":"2024-03-01T21:05:09","date_gmt":"2024-03-01T20:05:09","guid":{"rendered":"https:\/\/gajostest.a2hosted.com\/eshop\/boulogne-zastera\/"},"modified":"2026-04-15T21:42:41","modified_gmt":"2026-04-15T19:42:41","slug":"boulogne-zastera","status":"publish","type":"product","link":"https:\/\/gajos.sk\/eshop\/p\/boulogne-zastera\/","title":{"rendered":"BOULOGNE z\u00e1stera"},"content":{"rendered":"","protected":false},"excerpt":{"rendered":"<p>De Boulogne je z\u00e1stera s dlh\u00fdm ruk\u00e1vom s elastick\u00fdmi patentmi, ktor\u00e1 bola \u0161peci\u00e1lne navrhnut\u00e1 pre potravin\u00e1rsky priemysel. Kv\u00f4li optim\u00e1lnej hygiene; je mo\u017en\u00e9 t\u00fato z\u00e1steru pra\u0165 na 95 \u00b0C v\u010faka na\u0161ej flexibilnej a pru\u017enej l\u00e1tke Flexothane\u00ae Kleen. T\u00e1to \u013eahk\u00e1 a odoln\u00e1 z\u00e1stera je pohodln\u00e1 a m\u00e1 dopl\u0148uj\u00facu v\u00fdstu\u017e na bruchu. ragl\u00e1nov\u00e9 ruk\u00e1vy; elastick\u00fd okraj ruk\u00e1vov; d\u013a\u017eka zadnej \u010dasti 150 cm (L);<\/p>\n","protected":false},"featured_media":343347,"template":"","meta":{"_acf_changed":false,"inline_featured_image":false},"product_brand":[],"product_cat":[2175],"product_tag":[1238],"class_list":{"0":"post-343345","1":"product","2":"type-product","3":"status-publish","4":"has-post-thumbnail","6":"product_cat-produkty","7":"product_tag-sioen","8":"pa_farba-biela","9":"pa_farba-royal-modra","10":"pa_velkost-xl","11":"pa_velkost-l","12":"pa_velkost-m","13":"pa_velkost-s","14":"pa_velkost-xxl","16":"first","17":"instock","18":"taxable","19":"shipping-taxable","20":"purchasable","21":"product-type-variable"},"acf":[],"_links":{"self":[{"href":"https:\/\/gajos.sk\/eshop\/wp-json\/wp\/v2\/product\/343345","targetHints":{"allow":["GET"]}}],"collection":[{"href":"https:\/\/gajos.sk\/eshop\/wp-json\/wp\/v2\/product"}],"about":[{"href":"https:\/\/gajos.sk\/eshop\/wp-json\/wp\/v2\/types\/product"}],"wp:featuredmedia":[{"embeddable":true,"href":"https:\/\/gajos.sk\/eshop\/wp-json\/wp\/v2\/media\/343347"}],"wp:attachment":[{"href":"https:\/\/gajos.sk\/eshop\/wp-json\/wp\/v2\/media?parent=343345"}],"wp:term":[{"taxonomy":"product_brand","embeddable":true,"href":"https:\/\/gajos.sk\/eshop\/wp-json\/wp\/v2\/product_brand?post=343345"},{"taxonomy":"product_cat","embeddable":true,"href":"https:\/\/gajos.sk\/eshop\/wp-json\/wp\/v2\/product_cat?post=343345"},{"taxonomy":"product_tag","embeddable":true,"href":"https:\/\/gajos.sk\/eshop\/wp-json\/wp\/v2\/product_tag?post=343345"}],"curies":[{"name":"wp","href":"https:\/\/api.w.org\/{rel}","templated":true}]}}