{"id":343336,"date":"2024-03-01T21:05:03","date_gmt":"2024-03-01T20:05:03","guid":{"rendered":"https:\/\/gajostest.a2hosted.com\/eshop\/nantou-zastera\/"},"modified":"2026-04-15T21:42:41","modified_gmt":"2026-04-15T19:42:41","slug":"nantou-zastera","status":"publish","type":"product","link":"https:\/\/gajos.sk\/eshop\/p\/nantou-zastera\/","title":{"rendered":"NANTOU z\u00e1stera"},"content":{"rendered":"","protected":false},"excerpt":{"rendered":"<p>flexibiln\u00e1 z\u00e1stera certifikovan\u00e1 pre potravin\u00e1rske prev\u00e1dzky; 100 % vode a vetruodoln\u00e1, ne\u0161u\u0161tiv\u00e1, \u013eahk\u00e1; ve\u013emi odoln\u00e1 vo\u010di roztrhaniu; 90 cm \u0161irok\u00e1 a 120 cm dlh\u00e1<\/p>\n","protected":false},"featured_media":343338,"template":"","meta":{"_acf_changed":false,"inline_featured_image":false},"product_brand":[],"product_cat":[2175],"product_tag":[1238],"class_list":{"0":"post-343336","1":"product","2":"type-product","3":"status-publish","4":"has-post-thumbnail","6":"product_cat-produkty","7":"product_tag-sioen","8":"pa_farba-biela","9":"pa_farba-royal-modra","11":"first","12":"instock","13":"taxable","14":"shipping-taxable","15":"purchasable","16":"product-type-variable"},"acf":[],"_links":{"self":[{"href":"https:\/\/gajos.sk\/eshop\/wp-json\/wp\/v2\/product\/343336","targetHints":{"allow":["GET"]}}],"collection":[{"href":"https:\/\/gajos.sk\/eshop\/wp-json\/wp\/v2\/product"}],"about":[{"href":"https:\/\/gajos.sk\/eshop\/wp-json\/wp\/v2\/types\/product"}],"wp:featuredmedia":[{"embeddable":true,"href":"https:\/\/gajos.sk\/eshop\/wp-json\/wp\/v2\/media\/343338"}],"wp:attachment":[{"href":"https:\/\/gajos.sk\/eshop\/wp-json\/wp\/v2\/media?parent=343336"}],"wp:term":[{"taxonomy":"product_brand","embeddable":true,"href":"https:\/\/gajos.sk\/eshop\/wp-json\/wp\/v2\/product_brand?post=343336"},{"taxonomy":"product_cat","embeddable":true,"href":"https:\/\/gajos.sk\/eshop\/wp-json\/wp\/v2\/product_cat?post=343336"},{"taxonomy":"product_tag","embeddable":true,"href":"https:\/\/gajos.sk\/eshop\/wp-json\/wp\/v2\/product_tag?post=343336"}],"curies":[{"name":"wp","href":"https:\/\/api.w.org\/{rel}","templated":true}]}}